    {"id":11114,"date":"2024-04-10T07:11:55","date_gmt":"2024-04-10T07:11:55","guid":{"rendered":"https:\/\/kraut-zone.de\/laden\/?post_type=product&#038;p=11114"},"modified":"2025-09-12T18:54:05","modified_gmt":"2025-09-12T18:54:05","slug":"37-remigration","status":"publish","type":"product","link":"https:\/\/kraut-zone.de\/laden\/produkt\/37-remigration\/","title":{"rendered":"38. Remigration"},"content":{"rendered":"<p><strong>Erscheint Mitte April 2024<br \/>\n<\/strong><\/p>\n<ul>\n<li>Pro und kontra Leitartikel: Kann Remigration unsere Probleme l\u00f6sen?<\/li>\n<li>Bunte Zahlen: WerteUnion und Ma\u00dfen, Europawahl, M\u00f6hre oder Karotte, Zahl des Monats.<\/li>\n<li>Mit dem Angriff Maa\u00dfens wird das in Ordnung kommen<\/li>\n<li>So wirst du abgezockt: Gold gab ich f\u00fcr Schei\u00dfe<\/li>\n<li>4 politische Probleme, die Remigration l\u00f6sen wird<\/li>\n<li>Weltweit: Soziale Konflikte durch Zuwanderung: Was denkt die Welt dar\u00fcber?<\/li>\n<li>Biedermeier oder Wiedermeier?<\/li>\n<li>Die glorreichen Sieben: Die dicken Tech-Aktien bestimmen die Welt<\/li>\n<li>Im Gespr\u00e4ch: Martin Sellner (Exkurs: Correktiv)<\/li>\n<li>Das Ende des britischen Empires<\/li>\n<li>10.000 Euro Rente? Kein Problem<\/li>\n<li>Demokratiegesetz? Extremismusf\u00f6rderung!<\/li>\n<li>Null-Asyl? D\u00e4nemarks Asylpolitik im Faktencheck<\/li>\n<li>Im Gespr\u00e4ch: Nikola Zborilova aus Tschechien<\/li>\n<li>Kirchenglocke: Quo Vadis, Opposition?<\/li>\n<li>Pauline p\u00f6belt: Soffie und der Fr\u00fchling<\/li>\n<li>Smartphone: So vergiftet es die Kinder<\/li>\n<\/ul>\n<p><em>Preisanstieg? Wir werden gezwungen, die Politik dieses Landes mit rund 50 Prozent Steuern zu finanzieren.<br \/>\n<\/em><\/p>\n","protected":false},"excerpt":{"rendered":"<p>Erscheint Mitte April 2024 Pro und kontra Leitartikel: Kann Remigration unsere Probleme l\u00f6sen? Bunte Zahlen: WerteUnion und Ma\u00dfen, Europawahl, M\u00f6hre oder Karotte, Zahl des Monats. Mit dem Angriff Maa\u00dfens wird das in Ordnung kommen So wirst du abgezockt: Gold gab ich f\u00fcr Schei\u00dfe 4 politische Probleme, die Remigration l\u00f6sen wird Weltweit: Soziale Konflikte durch Zuwanderung: [&hellip;]<\/p>\n","protected":false},"featured_media":19660,"template":"","meta":{"_acf_changed":false},"product_brand":[],"product_cat":[36],"product_tag":[],"class_list":{"0":"post-11114","1":"product","2":"type-product","3":"status-publish","4":"has-post-thumbnail","6":"product_cat-einzelhefte","8":"first","9":"instock","10":"taxable","11":"shipping-taxable","12":"purchasable","13":"product-type-variable","14":"has-default-attributes"},"acf":[],"_links":{"self":[{"href":"https:\/\/kraut-zone.de\/laden\/wp-json\/wp\/v2\/product\/11114","targetHints":{"allow":["GET"]}}],"collection":[{"href":"https:\/\/kraut-zone.de\/laden\/wp-json\/wp\/v2\/product"}],"about":[{"href":"https:\/\/kraut-zone.de\/laden\/wp-json\/wp\/v2\/types\/product"}],"wp:featuredmedia":[{"embeddable":true,"href":"https:\/\/kraut-zone.de\/laden\/wp-json\/wp\/v2\/media\/19660"}],"wp:attachment":[{"href":"https:\/\/kraut-zone.de\/laden\/wp-json\/wp\/v2\/media?parent=11114"}],"wp:term":[{"taxonomy":"product_brand","embeddable":true,"href":"https:\/\/kraut-zone.de\/laden\/wp-json\/wp\/v2\/product_brand?post=11114"},{"taxonomy":"product_cat","embeddable":true,"href":"https:\/\/kraut-zone.de\/laden\/wp-json\/wp\/v2\/product_cat?post=11114"},{"taxonomy":"product_tag","embeddable":true,"href":"https:\/\/kraut-zone.de\/laden\/wp-json\/wp\/v2\/product_tag?post=11114"}],"curies":[{"name":"wp","href":"https:\/\/api.w.org\/{rel}","templated":true}]}}