{"id":18189,"date":"2025-06-23T07:28:17","date_gmt":"2025-06-23T07:28:17","guid":{"rendered":"https:\/\/kraut-zone.de\/laden\/?post_type=product&#038;p=18189"},"modified":"2025-07-04T21:40:29","modified_gmt":"2025-07-04T21:40:29","slug":"propaganda-wie-linke-dich-taeglich-manipulieren","status":"publish","type":"product","link":"https:\/\/kraut-zone.de\/laden\/produkt\/propaganda-wie-linke-dich-taeglich-manipulieren\/","title":{"rendered":"Propaganda &#8211; Wie Linke dich t\u00e4glich manipulieren"},"content":{"rendered":"<p class=\"\"><strong>Autor: <\/strong>Niklas Frohn<strong><br \/>\nTitel: <\/strong>Propaganda &#8211; Wie Linke dich t\u00e4glich manipulieren<strong><br \/>\nVerlag: <\/strong>Blutdruck-Verlag<strong><br \/>\nUmfang: <\/strong>196 Seiten<strong><br \/>\nISBN:\u00a0<\/strong>978-3-9823946-2-6<\/p>\n<p class=\"\">Ob durch klassisches Fernsehen, soziale Medien, \u201edie Wissenschaft\u201c oder im direkten Gespr\u00e4ch: Vor allem linke Akteure vermitteln nicht die Wahrheit, sondern nutzen manipulative Kommunikationstechniken, um ihre eigene Agenda durchzusetzen. Themen wie Migration, Klima oder Energiepolitik werden so einseitig dargestellt, dass alternative Sichtweisen kaum noch wahrgenommen werden. Es ist an der Zeit, die Mechanismen der Propaganda offenzulegen und effektive Gegenstrategien zu entwickeln, um eine ausgewogene \u00f6ffentliche Debatte zu erm\u00f6glichen.<\/p>\n<p><strong>\u00dcber den Autor<\/strong><\/p>\n<p>Niklas Frohn wurde in Frankfurt am Main geboren, ist in Niedersachsen aufgewachsen und hat in M\u00fcnchen und Wien studiert, weshalb er sich in vielen Ecken Deutschlands heimisch f\u00fchlt. Er hat einen Master in Agrar\u00f6konomie mit Schwerpunkt in Marketing, m\u00fcsste also eigentlich den Bauern vorrechnen, wie sie ihr Getreide verkaufen sollen. Da das erfahrungsgem\u00e4\u00df schlecht ankommt, hat es ihn nach Berlin verschlagen, wo er seit mittlerweile sechs Jahren den linken Parteien vorrechnet, dass ihre Politik gescheitert ist.<\/p>\n","protected":false},"excerpt":{"rendered":"<p>Medien pr\u00e4gen unsere Wahrnehmung der Umwelt. Dabei kommt es zwangsl\u00e4ufig zu einer Verzerrung der Realit\u00e4t, die selten zuf\u00e4llig ist. Vielmehr handelt es sich um gezielte Manipulation, etwa durch selektive Berichterstattung, Framing oder das Unterdr\u00fccken unbequemer Fakten.<\/p>\n","protected":false},"featured_media":18191,"template":"","meta":{"_acf_changed":false},"product_brand":[],"product_cat":[102],"product_tag":[],"class_list":{"0":"post-18189","1":"product","2":"type-product","3":"status-publish","4":"has-post-thumbnail","6":"product_cat-buecher","8":"first","9":"instock","10":"taxable","11":"shipping-taxable","12":"purchasable","13":"product-type-simple"},"acf":[],"_links":{"self":[{"href":"https:\/\/kraut-zone.de\/laden\/wp-json\/wp\/v2\/product\/18189","targetHints":{"allow":["GET"]}}],"collection":[{"href":"https:\/\/kraut-zone.de\/laden\/wp-json\/wp\/v2\/product"}],"about":[{"href":"https:\/\/kraut-zone.de\/laden\/wp-json\/wp\/v2\/types\/product"}],"wp:featuredmedia":[{"embeddable":true,"href":"https:\/\/kraut-zone.de\/laden\/wp-json\/wp\/v2\/media\/18191"}],"wp:attachment":[{"href":"https:\/\/kraut-zone.de\/laden\/wp-json\/wp\/v2\/media?parent=18189"}],"wp:term":[{"taxonomy":"product_brand","embeddable":true,"href":"https:\/\/kraut-zone.de\/laden\/wp-json\/wp\/v2\/product_brand?post=18189"},{"taxonomy":"product_cat","embeddable":true,"href":"https:\/\/kraut-zone.de\/laden\/wp-json\/wp\/v2\/product_cat?post=18189"},{"taxonomy":"product_tag","embeddable":true,"href":"https:\/\/kraut-zone.de\/laden\/wp-json\/wp\/v2\/product_tag?post=18189"}],"curies":[{"name":"wp","href":"https:\/\/api.w.org\/{rel}","templated":true}]}}