    {"id":1840,"date":"2021-01-06T10:49:01","date_gmt":"2021-01-06T10:49:01","guid":{"rendered":"https:\/\/kraut-zone.de\/laden\/?post_type=product&#038;p=1840"},"modified":"2025-09-12T19:16:54","modified_gmt":"2025-09-12T19:16:54","slug":"19-ausgabe-150-jahre-deutsches-kaiserreich","status":"publish","type":"product","link":"https:\/\/kraut-zone.de\/laden\/produkt\/19-ausgabe-150-jahre-deutsches-kaiserreich\/","title":{"rendered":"19. Ausgabe &#8211; 150 Jahre Deutsches Kaiserreich"},"content":{"rendered":"<p><strong>ERSCHEINT MITTE JANUAR! JETZT VORBESTELLEN!<\/strong><\/p>\n<p>Unsere aktuelle Ausgabe: Alles zum Thema Deutsches Kaiserreich!<\/p>\n<ul>\n<li>Mehr Monarchie wagen? Oder Schluss mit den Tr\u00e4umereien?<\/li>\n<li>Konservativer Hipster: Wer kennt noch Ronald Schill?<\/li>\n<li>Zwei gro\u00dfe Interviews: G\u00e9rard B\u00f6kenkamp und Bruno Bandulet \u00fcber Wilhelm, Preu\u00dfen und das Kaiserreich.<\/li>\n<li>Dazu vieles mehr: Bunte Zahlen, Konservative Hipster, Pauline p\u00f6belt, unser erster &#8220;Comic&#8221;, Zahlen, Karten und Statistiken<\/li>\n<li>Frauenquote: Das Aufregerthema schlechthin<\/li>\n<li>Anlegen f\u00fcr Dummies: Absurdit\u00e4ten des Sneakermarktes!<\/li>\n<li>Letzter Halt: Bundesrepublik. Wie haben wir uns ver\u00e4ndert?<\/li>\n<li>Der Feind schl\u00e4ft nicht: Die &#8220;Kathedrale&#8221; k\u00e4mpft gegen Volk, Freiheit und Nation<\/li>\n<\/ul>\n<p><em>(Preisanstieg? Wir werden gezwungen, die Politik dieses Landes mit 7\/19 Prozent Mehrwertsteuer zu unterst\u00fctzen)<\/em><\/p>\n","protected":false},"excerpt":{"rendered":"<p>ERSCHEINT MITTE JANUAR! JETZT VORBESTELLEN! Unsere aktuelle Ausgabe: Alles zum Thema Deutsches Kaiserreich! Mehr Monarchie wagen? Oder Schluss mit den Tr\u00e4umereien? Konservativer Hipster: Wer kennt noch Ronald Schill? Zwei gro\u00dfe Interviews: G\u00e9rard B\u00f6kenkamp und Bruno Bandulet \u00fcber Wilhelm, Preu\u00dfen und das Kaiserreich. Dazu vieles mehr: Bunte Zahlen, Konservative Hipster, Pauline p\u00f6belt, unser erster &#8220;Comic&#8221;, Zahlen, [&hellip;]<\/p>\n","protected":false},"featured_media":19620,"template":"","meta":{"_acf_changed":false},"product_brand":[],"product_cat":[36],"product_tag":[],"class_list":{"0":"post-1840","1":"product","2":"type-product","3":"status-publish","4":"has-post-thumbnail","6":"product_cat-einzelhefte","8":"first","9":"instock","10":"taxable","11":"shipping-taxable","12":"purchasable","13":"product-type-variable","14":"has-default-attributes"},"acf":[],"_links":{"self":[{"href":"https:\/\/kraut-zone.de\/laden\/wp-json\/wp\/v2\/product\/1840","targetHints":{"allow":["GET"]}}],"collection":[{"href":"https:\/\/kraut-zone.de\/laden\/wp-json\/wp\/v2\/product"}],"about":[{"href":"https:\/\/kraut-zone.de\/laden\/wp-json\/wp\/v2\/types\/product"}],"wp:featuredmedia":[{"embeddable":true,"href":"https:\/\/kraut-zone.de\/laden\/wp-json\/wp\/v2\/media\/19620"}],"wp:attachment":[{"href":"https:\/\/kraut-zone.de\/laden\/wp-json\/wp\/v2\/media?parent=1840"}],"wp:term":[{"taxonomy":"product_brand","embeddable":true,"href":"https:\/\/kraut-zone.de\/laden\/wp-json\/wp\/v2\/product_brand?post=1840"},{"taxonomy":"product_cat","embeddable":true,"href":"https:\/\/kraut-zone.de\/laden\/wp-json\/wp\/v2\/product_cat?post=1840"},{"taxonomy":"product_tag","embeddable":true,"href":"https:\/\/kraut-zone.de\/laden\/wp-json\/wp\/v2\/product_tag?post=1840"}],"curies":[{"name":"wp","href":"https:\/\/api.w.org\/{rel}","templated":true}]}}