    {"id":22176,"date":"2026-04-14T13:50:21","date_gmt":"2026-04-14T11:50:21","guid":{"rendered":"https:\/\/kraut-zone.de\/laden\/?post_type=product&#038;p=22176"},"modified":"2026-04-14T13:50:22","modified_gmt":"2026-04-14T11:50:22","slug":"krautzone-kombiabo","status":"publish","type":"product","link":"https:\/\/kraut-zone.de\/laden\/produkt\/krautzone-kombiabo\/","title":{"rendered":"Krautzone Kombiabo"},"content":{"rendered":"<p>Nach Abschluss des KRAUTZONE Kombi-Abonnements erhalten Sie Zugriff auf alle Plus-Artikel des Blogs sowie sechs Mal j\u00e4hrlich die KRAUTZONE als Digitalausgabe (PDF oder E-Paper). Sie k\u00f6nnen sich mittels Ihres Nutzerkontos anmelden und so alle Artikel freischalten oder Ihre Digitalausgabe abrufen. Nach Ver\u00f6ffentlichung der neusten Ausgabe erscheint die KRAUTZONE als PDF und E-Paper in Ihrem Benutzerkonto.<\/p>\n<p><strong>Beinhaltet: <\/strong>Die regul\u00e4re Ausgabe als PDF\/E-Paper, Zugang zu allen KRAUTZONE-Plus-Artikeln<\/p>\n<p><strong>Erscheinungsweise:<\/strong> Digitalausgabe: alle zwei Monate, Plus-Artikel: t\u00e4glich<\/p>\n<p><strong><span id=\"char-node\">Versand:<\/span><\/strong> Zugriff \u00fcber ihren individuellen Abonnementbereich<\/p>\n<p><strong><span id=\"char-node\">Laufzeit:<\/span><\/strong> Nach einer ersten Vertragslaufzeit einem Jahr verl\u00e4ngert sich das Abonnement automatisch um ein weiteres Jahr.<\/p>\n<p><strong>K\u00fcndigung:<\/strong> Wird das Vertragsverh\u00e4ltnis im ersten Vertragsjahr nicht vor Vertragsende gek\u00fcndigt, verl\u00e4ngert es sich automatisch.<\/p>\n<p><strong>Zahlungsweisen:<\/strong> Kreditkarte, PayPal, ApplePay und Lastschrift.<\/p>\n<p>Sie haben bereits in KRAUTZONE Digitalabo und wollen Plus-Artikel lesen? Dann schreiben Sie uns eine E-Mail an bestellung (at) kraut-zone.de und wir stellen Ihr Abomodell einfach um.<\/p>\n","protected":false},"excerpt":{"rendered":"<p>\u2714 84 Euro pro Jahr (monatlich 7 Euro)<\/p>\n<p>\u2714 Abrechnung j\u00e4hrlich<\/p>\n<p>\u2714 6x KRAUTZONE als Digitalausgabe<\/p>\n<p>\u2714 t\u00e4glich neue Plus-Artikel<\/p>\n","protected":false},"featured_media":0,"template":"","meta":{"_acf_changed":false},"product_brand":[],"product_cat":[162],"product_tag":[],"class_list":{"0":"post-22176","1":"product","2":"type-product","3":"status-publish","5":"product_cat-krautzone-plus","7":"first","8":"instock","9":"virtual","10":"taxable","11":"purchasable","12":"product-type-subscription"},"acf":[],"_links":{"self":[{"href":"https:\/\/kraut-zone.de\/laden\/wp-json\/wp\/v2\/product\/22176","targetHints":{"allow":["GET"]}}],"collection":[{"href":"https:\/\/kraut-zone.de\/laden\/wp-json\/wp\/v2\/product"}],"about":[{"href":"https:\/\/kraut-zone.de\/laden\/wp-json\/wp\/v2\/types\/product"}],"wp:attachment":[{"href":"https:\/\/kraut-zone.de\/laden\/wp-json\/wp\/v2\/media?parent=22176"}],"wp:term":[{"taxonomy":"product_brand","embeddable":true,"href":"https:\/\/kraut-zone.de\/laden\/wp-json\/wp\/v2\/product_brand?post=22176"},{"taxonomy":"product_cat","embeddable":true,"href":"https:\/\/kraut-zone.de\/laden\/wp-json\/wp\/v2\/product_cat?post=22176"},{"taxonomy":"product_tag","embeddable":true,"href":"https:\/\/kraut-zone.de\/laden\/wp-json\/wp\/v2\/product_tag?post=22176"}],"curies":[{"name":"wp","href":"https:\/\/api.w.org\/{rel}","templated":true}]}}