    {"id":22205,"date":"2026-04-10T19:28:30","date_gmt":"2026-04-10T17:28:30","guid":{"rendered":"https:\/\/kraut-zone.de\/laden\/?post_type=product&#038;p=22205"},"modified":"2026-04-14T13:50:34","modified_gmt":"2026-04-14T11:50:34","slug":"krautzone-plus-jaehrlich","status":"publish","type":"product","link":"https:\/\/kraut-zone.de\/laden\/produkt\/krautzone-plus-jaehrlich\/","title":{"rendered":"Krautzone Plus (j\u00e4hrlich)"},"content":{"rendered":"<p>Nach Abschluss des KRAUTZONE Plus-Abonnements erhalten Sie Zugriff auf alle Plus-Artikel des Blogs. Sie k\u00f6nnen sich mittels Ihres Nutzerkontos anmelden und so alle Artikel freischalten<\/p>\n<p><strong>Beinhaltet: <\/strong>Zugang zu allen KRAUTZONE-Plus-Artikeln<\/p>\n<p><strong>Erscheinungsweise:<\/strong> Plus-Artikel: t\u00e4glich<\/p>\n<p><strong><span id=\"char-node\">Laufzeit:<\/span><\/strong> Nach einer ersten Vertragslaufzeit von einem Jahr verl\u00e4ngert sich das Abonnement um ein weiteres Jahr.<\/p>\n<p><strong>K\u00fcndigung:<\/strong> Das Abonnement kann jeweils zum Ende des Vertragszeitraums gek\u00fcndigt werden. Sollte keine K\u00fcndigung erfolgen, verl\u00e4gert sich das Abonnement automatisch um ein Jahr.<\/p>\n<p><strong>Zahlungsweisen:<\/strong> Kreditkarte, PayPal, ApplePay und Lastschrift.<\/p>\n","protected":false},"excerpt":{"rendered":"<p>\u2714 48 Euro im Jahr (monatlich 4 Euro)<\/p>\n<p>\u2714 Abrechnung j\u00e4hrlich<\/p>\n<p>\u2714 t\u00e4glich neue Plus-Artikel<\/p>\n","protected":false},"featured_media":22208,"template":"","meta":{"_acf_changed":false},"product_brand":[],"product_cat":[162],"product_tag":[],"class_list":{"0":"post-22205","1":"product","2":"type-product","3":"status-publish","4":"has-post-thumbnail","6":"product_cat-krautzone-plus","8":"first","9":"instock","10":"taxable","11":"shipping-taxable","12":"purchasable","13":"product-type-subscription"},"acf":[],"_links":{"self":[{"href":"https:\/\/kraut-zone.de\/laden\/wp-json\/wp\/v2\/product\/22205","targetHints":{"allow":["GET"]}}],"collection":[{"href":"https:\/\/kraut-zone.de\/laden\/wp-json\/wp\/v2\/product"}],"about":[{"href":"https:\/\/kraut-zone.de\/laden\/wp-json\/wp\/v2\/types\/product"}],"wp:featuredmedia":[{"embeddable":true,"href":"https:\/\/kraut-zone.de\/laden\/wp-json\/wp\/v2\/media\/22208"}],"wp:attachment":[{"href":"https:\/\/kraut-zone.de\/laden\/wp-json\/wp\/v2\/media?parent=22205"}],"wp:term":[{"taxonomy":"product_brand","embeddable":true,"href":"https:\/\/kraut-zone.de\/laden\/wp-json\/wp\/v2\/product_brand?post=22205"},{"taxonomy":"product_cat","embeddable":true,"href":"https:\/\/kraut-zone.de\/laden\/wp-json\/wp\/v2\/product_cat?post=22205"},{"taxonomy":"product_tag","embeddable":true,"href":"https:\/\/kraut-zone.de\/laden\/wp-json\/wp\/v2\/product_tag?post=22205"}],"curies":[{"name":"wp","href":"https:\/\/api.w.org\/{rel}","templated":true}]}}