    {"id":2330,"date":"2021-03-14T16:58:31","date_gmt":"2021-03-14T16:58:31","guid":{"rendered":"https:\/\/kraut-zone.de\/laden\/?post_type=product&#038;p=2330"},"modified":"2025-07-05T13:19:41","modified_gmt":"2025-07-05T13:19:41","slug":"otto-bismarck-poster","status":"publish","type":"product","link":"https:\/\/kraut-zone.de\/laden\/produkt\/otto-bismarck-poster\/","title":{"rendered":"Otto Bismarck &#8211; Poster"},"content":{"rendered":"<p>Der eiserne Kanzler f\u00fcr deine Studentenbude, das Nobelb\u00fcro oder in den Burschenschaftskeller.<br \/>\n<strong>Aufschrift:<\/strong> Macht Preu\u00dfen wieder gro\u00df<br \/>\n<strong>Gr\u00f6\u00dfe:<\/strong> DinA3<br \/>\n<strong>Nachhaltigkeit:<\/strong> Das Produkt wurde unter dem Austo\u00df enormer CO-Emissionen von unserer Druckerei hergestellt.<br \/>\n<strong>Papierst\u00e4rke: <\/strong>250 Gramm pro qm (so dick wie ein KRAZ-Cover)<br \/>\n<strong>Qualit\u00e4t: <\/strong>HD-Druck, Hochglanz<br \/>\n<strong>Lieferung:<\/strong> Das Poster wird OHNE Rahmen versendet.<br \/>\n<strong>Ziell\u00e4nder:<\/strong> Aufgrund horrender Versandkosten nur nach <strong>EU<\/strong>ropa. Falls du in einem freien Land lebst und das Poster haben willst, frage bitte an: bestellung@kraut-zone.de<\/p>\n","protected":false},"excerpt":{"rendered":"<p>Der eiserne Kanzler f\u00fcr deine Studentenbude, das Nobelb\u00fcro oder in den Burschenschaftskeller. Aufschrift: Macht Preu\u00dfen wieder gro\u00df Gr\u00f6\u00dfe: DinA3 Nachhaltigkeit: Das Produkt wurde unter dem Austo\u00df enormer CO-Emissionen von unserer Druckerei hergestellt. Papierst\u00e4rke: 250 Gramm pro qm (so dick wie ein KRAZ-Cover) Qualit\u00e4t: HD-Druck, Hochglanz Lieferung: Das Poster wird OHNE Rahmen versendet. Ziell\u00e4nder: Aufgrund horrender [&hellip;]<\/p>\n","protected":false},"featured_media":12819,"template":"","meta":{"_acf_changed":false},"product_brand":[],"product_cat":[101],"product_tag":[],"class_list":{"0":"post-2330","1":"product","2":"type-product","3":"status-publish","4":"has-post-thumbnail","6":"product_cat-poster","8":"first","9":"instock","10":"taxable","11":"shipping-taxable","12":"purchasable","13":"product-type-simple"},"acf":[],"_links":{"self":[{"href":"https:\/\/kraut-zone.de\/laden\/wp-json\/wp\/v2\/product\/2330","targetHints":{"allow":["GET"]}}],"collection":[{"href":"https:\/\/kraut-zone.de\/laden\/wp-json\/wp\/v2\/product"}],"about":[{"href":"https:\/\/kraut-zone.de\/laden\/wp-json\/wp\/v2\/types\/product"}],"wp:featuredmedia":[{"embeddable":true,"href":"https:\/\/kraut-zone.de\/laden\/wp-json\/wp\/v2\/media\/12819"}],"wp:attachment":[{"href":"https:\/\/kraut-zone.de\/laden\/wp-json\/wp\/v2\/media?parent=2330"}],"wp:term":[{"taxonomy":"product_brand","embeddable":true,"href":"https:\/\/kraut-zone.de\/laden\/wp-json\/wp\/v2\/product_brand?post=2330"},{"taxonomy":"product_cat","embeddable":true,"href":"https:\/\/kraut-zone.de\/laden\/wp-json\/wp\/v2\/product_cat?post=2330"},{"taxonomy":"product_tag","embeddable":true,"href":"https:\/\/kraut-zone.de\/laden\/wp-json\/wp\/v2\/product_tag?post=2330"}],"curies":[{"name":"wp","href":"https:\/\/api.w.org\/{rel}","templated":true}]}}