    {"id":3381,"date":"2021-07-26T13:19:02","date_gmt":"2021-07-26T13:19:02","guid":{"rendered":"https:\/\/kraut-zone.de\/laden\/?post_type=product&#038;p=3381"},"modified":"2025-09-12T19:12:37","modified_gmt":"2025-09-12T19:12:37","slug":"22-ausgabe-das-gruene-zeitalter","status":"publish","type":"product","link":"https:\/\/kraut-zone.de\/laden\/produkt\/22-ausgabe-das-gruene-zeitalter\/","title":{"rendered":"22. Ausgabe &#8211; Das gr\u00fcne Zeitalter"},"content":{"rendered":"<p><strong>Erscheint Anfang August!<br \/>\n<\/strong><\/p>\n<p>Unsere aktuelle Ausgabe: Alles zum Thema &#8220;Das gr\u00fcne Zeitalter&#8221;.<\/p>\n<p>Inhalt dieser Ausgabe: Rechtsgr\u00fcn unversifft; Die Kosten eines politischen Kampfbegriffes; Bunte Seiten; Abrechnung mit dem B\u00fcrgertum; Der Auss\u00e4tzige &#8211; Typologie eines Deutschen; Wissensanma\u00dfung und Freiheit &#8211; im Gespr\u00e4ch mit Edgar G\u00e4rtner; Konservativer Hipster &#8211; Gerhard Scharnhorst; Die Maske als religi\u00f6ses Symbold; Warum Cthulhu schwimmt und man nicht mit Linken reden sollte; Faschismus &#8211; Theorie und Entstehung; Die Geschichte der gr\u00fcnen Bewegung; Die Rotmilan-Verschw\u00f6rung; Der Staat erzieht mit; Ausbildung oder Studium uvm.<\/p>\n<p>Autoren der Ausgabe: Florian M\u00fcller, Hannes Plenge, Friedrich Fechter, Maximilian Kneller, Lambda, Stefan Nguyen, Edgar G\u00e4rtner (Gespr\u00e4chsgast), Fridericus Vesargo, Stefan George, Karl Napf, Stefan Malick, Johannes Endres, Pauline Mei\u00dfner.<\/p>\n<p><em>(Preisanstieg? Wir werden gezwungen, die Politik dieses Landes mit 7\/19 Prozent Mehrwertsteuer zu unterst\u00fctzen)<\/em><\/p>\n","protected":false},"excerpt":{"rendered":"<p>Erscheint Anfang August! Unsere aktuelle Ausgabe: Alles zum Thema &#8220;Das gr\u00fcne Zeitalter&#8221;. Inhalt dieser Ausgabe: Rechtsgr\u00fcn unversifft; Die Kosten eines politischen Kampfbegriffes; Bunte Seiten; Abrechnung mit dem B\u00fcrgertum; Der Auss\u00e4tzige &#8211; Typologie eines Deutschen; Wissensanma\u00dfung und Freiheit &#8211; im Gespr\u00e4ch mit Edgar G\u00e4rtner; Konservativer Hipster &#8211; Gerhard Scharnhorst; Die Maske als religi\u00f6ses Symbold; Warum Cthulhu [&hellip;]<\/p>\n","protected":false},"featured_media":19624,"template":"","meta":{"_acf_changed":false},"product_brand":[],"product_cat":[36],"product_tag":[],"class_list":{"0":"post-3381","1":"product","2":"type-product","3":"status-publish","4":"has-post-thumbnail","6":"product_cat-einzelhefte","8":"first","9":"instock","10":"taxable","11":"shipping-taxable","12":"purchasable","13":"product-type-variable","14":"has-default-attributes"},"acf":[],"_links":{"self":[{"href":"https:\/\/kraut-zone.de\/laden\/wp-json\/wp\/v2\/product\/3381","targetHints":{"allow":["GET"]}}],"collection":[{"href":"https:\/\/kraut-zone.de\/laden\/wp-json\/wp\/v2\/product"}],"about":[{"href":"https:\/\/kraut-zone.de\/laden\/wp-json\/wp\/v2\/types\/product"}],"wp:featuredmedia":[{"embeddable":true,"href":"https:\/\/kraut-zone.de\/laden\/wp-json\/wp\/v2\/media\/19624"}],"wp:attachment":[{"href":"https:\/\/kraut-zone.de\/laden\/wp-json\/wp\/v2\/media?parent=3381"}],"wp:term":[{"taxonomy":"product_brand","embeddable":true,"href":"https:\/\/kraut-zone.de\/laden\/wp-json\/wp\/v2\/product_brand?post=3381"},{"taxonomy":"product_cat","embeddable":true,"href":"https:\/\/kraut-zone.de\/laden\/wp-json\/wp\/v2\/product_cat?post=3381"},{"taxonomy":"product_tag","embeddable":true,"href":"https:\/\/kraut-zone.de\/laden\/wp-json\/wp\/v2\/product_tag?post=3381"}],"curies":[{"name":"wp","href":"https:\/\/api.w.org\/{rel}","templated":true}]}}