{"id":3451,"date":"2021-08-08T12:12:18","date_gmt":"2021-08-08T12:12:18","guid":{"rendered":"https:\/\/kraut-zone.de\/laden\/?post_type=product&#038;p=3451"},"modified":"2025-07-04T22:00:31","modified_gmt":"2025-07-04T22:00:31","slug":"erscheint-2021-20-gruende-mit-dem-linkssein-aufzuhoeren","status":"publish","type":"product","link":"https:\/\/kraut-zone.de\/laden\/produkt\/erscheint-2021-20-gruende-mit-dem-linkssein-aufzuhoeren\/","title":{"rendered":"20 Gr\u00fcnde, mit dem Linkssein aufzuh\u00f6ren"},"content":{"rendered":"<p><strong>Autor:<\/strong> Maximilian Kneller<br \/>\n<strong>Titel:<\/strong> 20 Gr\u00fcnde, mit dem Linkssein aufzuh\u00f6ren<br \/>\n<strong>Verlag: <\/strong>Blutdruck-Verlag<strong><br \/>\nUmfang: <\/strong>180 Seiten<br \/>\n<strong>ISBN: <\/strong><span class=\"a-list-item\">978-3-9823946-0-2<\/span><\/p>\n<p class=\"\"><strong>Inhalt<\/strong><\/p>\n<p class=\"\">Wir leben in einer linken Welt, bev\u00f6lkert von Linken. Mal treten sie als verwahrloste Linksradikale auf, mal als Lehrer am realit\u00e4tsfernen Provinzgymnasium. Doch alle Linken haben eine Gemeinsamkeit: Sie spielen nicht nach unseren Spielregeln. Logik, Anstand, Fairness, die Kraft des guten Argumentes, der rationale Austausch von Ideen und Meinungen &#8211; all das sind Eigenschaften, die f\u00fcr moderne Linke keine Bedeutung mehr haben. Stattdessen setzen sie alles daran, die Welt nach ihren Vorstellungen zu formen. Leider glauben B\u00fcrgerliche, Liberale, Konservative noch immer, dass man Linke nur \u00fcberzeugen m\u00fcsse und schon w\u00fcrden sie die eigenen Meinungen annehmen. Das ist grundlegend falsch: Stattdessen fordern Linke mehr und mehr Zugest\u00e4ndnisse von Ihnen. Sie haben genau zwei Optionen: Entweder, Sie beugen sich dem Diktat der modernen Linke und werden selbst ein Linker &#8211; oder Sie werden als &#8220;Nazi&#8221; gebranntmarkt, weil Sie nicht \u00fcber ihr St\u00f6ckchen springen.<\/p>\n<p class=\"\">Das erste Krautzone-Buch hat es in sich: In 20 kurzweiligen Kapiteln nimmt der Autor die &#8220;linke Welt&#8221; auseinander, erkl\u00e4rt, wie Linke ticken und was man als rechtschaffener B\u00fcrger dagegen tun kann. So ist das Buch f\u00fcr zwei Gruppen von Leuten geeignet: Diejenigen, die bereits ein rechtes Weltbild besitzen, aber denen es an Argumenten gegen die linke Dialektik und Dauermanipulation fehlt und dem gem\u00e4\u00dfigten liberalen B\u00fcrgertum, das sich schleichend zum Linken wandelt. Warum das nicht das Ende der Welt ist und wie man mit dem Linkssein auffh\u00f6rt, erfahren Sie in diesem Buch.<\/p>\n<p><strong>H\u00f6rprobe des H\u00f6rbuchs<\/strong><\/p>\n<audio class=\"wp-audio-shortcode\" id=\"audio-3451-1\" preload=\"none\" style=\"width: 100%;\" controls=\"controls\"><source type=\"audio\/mpeg\" src=\"https:\/\/kraut-zone.de\/laden\/wp-content\/uploads\/sites\/2\/2025\/04\/20-Gruende-mit-dem-Linkssein-aufzuhoeren_hoerprobe.mp3?_=1\" \/><a href=\"https:\/\/kraut-zone.de\/laden\/wp-content\/uploads\/sites\/2\/2025\/04\/20-Gruende-mit-dem-Linkssein-aufzuhoeren_hoerprobe.mp3\">https:\/\/kraut-zone.de\/laden\/wp-content\/uploads\/sites\/2\/2025\/04\/20-Gruende-mit-dem-Linkssein-aufzuhoeren_hoerprobe.mp3<\/a><\/audio>\n<p><strong>\u00dcber den Autor<\/strong><\/p>\n<p>Maximilian Kneller ist Linksextremismusexperte aus dem sch\u00f6nen Bielefeld. 2019 schloss er sein Studium der Politik- und Literaturwissenschaft ab. Seither arbeitet er f\u00fcr eine freiheitliche Oppositionspartei im nordrhein-westf\u00e4lischen Landtag. Durch Arbeit und Studium sah sich Kneller immer wieder mit Linken und ihrem pathologischen Weltbild konfrontiert. Da er eine sch\u00f6ne Kindheit hatte, gl\u00fccklich verheiratet und stolzer Besitzer eines klimafeindlichen Diesels ist, hatten Linkspopulisten nie eine Chance, ihn mit einfachen Antworten auf komplexe Fragen auf die schiefe Bahn zu bringen. Der sonst so b\u00fcrgerliche Ratsherr Kneller entdeckt nur im t\u00e4glichen Bahnverkehr seine Vorliebe f\u00fcr vergangene lateinamerikanische Scheindemokratien.<\/p>\n","protected":false},"excerpt":{"rendered":"<p>Wir leben in einer linken Welt, bev\u00f6lkert von Linken. Mal treten sie als verwahrloste Linksradikale auf, mal als Lehrer am realit\u00e4tsfernen Provinzgymnasium&#8230;<\/p>\n","protected":false},"featured_media":12625,"template":"","meta":{"_acf_changed":false},"product_brand":[],"product_cat":[102],"product_tag":[],"class_list":{"0":"post-3451","1":"product","2":"type-product","3":"status-publish","4":"has-post-thumbnail","6":"product_cat-buecher","8":"first","9":"instock","10":"featured","11":"taxable","12":"shipping-taxable","13":"purchasable","14":"product-type-variable","15":"has-default-attributes"},"acf":[],"_links":{"self":[{"href":"https:\/\/kraut-zone.de\/laden\/wp-json\/wp\/v2\/product\/3451","targetHints":{"allow":["GET"]}}],"collection":[{"href":"https:\/\/kraut-zone.de\/laden\/wp-json\/wp\/v2\/product"}],"about":[{"href":"https:\/\/kraut-zone.de\/laden\/wp-json\/wp\/v2\/types\/product"}],"wp:featuredmedia":[{"embeddable":true,"href":"https:\/\/kraut-zone.de\/laden\/wp-json\/wp\/v2\/media\/12625"}],"wp:attachment":[{"href":"https:\/\/kraut-zone.de\/laden\/wp-json\/wp\/v2\/media?parent=3451"}],"wp:term":[{"taxonomy":"product_brand","embeddable":true,"href":"https:\/\/kraut-zone.de\/laden\/wp-json\/wp\/v2\/product_brand?post=3451"},{"taxonomy":"product_cat","embeddable":true,"href":"https:\/\/kraut-zone.de\/laden\/wp-json\/wp\/v2\/product_cat?post=3451"},{"taxonomy":"product_tag","embeddable":true,"href":"https:\/\/kraut-zone.de\/laden\/wp-json\/wp\/v2\/product_tag?post=3451"}],"curies":[{"name":"wp","href":"https:\/\/api.w.org\/{rel}","templated":true}]}}