    {"id":368,"date":"2020-11-02T17:54:10","date_gmt":"2020-11-02T17:54:10","guid":{"rendered":"https:\/\/kraut-zone.de\/laden\/?post_type=product&#038;p=368"},"modified":"2025-09-09T19:53:39","modified_gmt":"2025-09-09T19:53:39","slug":"wuestenfuchsabo","status":"publish","type":"product","link":"https:\/\/kraut-zone.de\/laden\/produkt\/wuestenfuchsabo\/","title":{"rendered":"W\u00fcstenfuchsabo"},"content":{"rendered":"<p><strong>Beinhaltet: <\/strong>Die regul\u00e4re Printausgabe und die Sonderausgabe &#8220;Konservative Hipster&#8221;.<strong><\/p>\n<p>Erscheinungsweise:<\/strong> Alle zwei Monate. Das Abo beginnt mit der jeweils aktuellen Ausgabe. Sollte es gew\u00fcnscht sein, das Abo mit einer anderen Ausgabe beginnen zu lassen, k\u00f6nnen Sie beim Bestellabschluss eine Notiz angeben.<\/p>\n<p><strong><span id=\"char-node\">Versand:<\/span><\/strong> Wir versenden in neutralen Papierumschl\u00e4gen.<\/p>\n<p><strong><span id=\"char-node\">Laufzeit:<\/span><\/strong> Nach einer ersten Vertragslaufzeit von sechs Heften (ein Jahr) verl\u00e4ngern sich die Abos automatisch.<\/p>\n<p><strong>K\u00fcndigung:<\/strong> Wird das Vertragsverh\u00e4ltnis im ersten Vertragsjahr nicht bis einen Monat vor Vertragsende gek\u00fcndigt, verl\u00e4ngert es sich automatisch. Nach der Verl\u00e4ngerung besteht das Recht, das Vertragsverh\u00e4ltnis jederzeit mit einer Frist von einem Monat zu k\u00fcndigen.<\/p>\n<p><strong>Zahlungsweisen:<\/strong> Rechnung, Kreditkarte, PayPal, ApplePay und Lastschrift.<\/p>\n","protected":false},"excerpt":{"rendered":"<p>\u2714 6 Ausgaben im Jahr<\/p>\n<p>\u2714 Lieferung frei Haus<\/p>\n<p>\u2714 Versandkosten sparen<\/p>\n<p>\u2714 Sonderausgabe &#8220;Konservative Hipster&#8221;<\/p>\n","protected":false},"featured_media":19536,"template":"","meta":{"_acf_changed":false},"product_brand":[],"product_cat":[34],"product_tag":[],"class_list":{"0":"post-368","1":"product","2":"type-product","3":"status-publish","4":"has-post-thumbnail","6":"product_cat-krautzone-abo","7":"product_shipping_class-abos","9":"first","10":"instock","11":"taxable","12":"shipping-taxable","13":"purchasable","14":"product-type-simple"},"acf":[],"_links":{"self":[{"href":"https:\/\/kraut-zone.de\/laden\/wp-json\/wp\/v2\/product\/368","targetHints":{"allow":["GET"]}}],"collection":[{"href":"https:\/\/kraut-zone.de\/laden\/wp-json\/wp\/v2\/product"}],"about":[{"href":"https:\/\/kraut-zone.de\/laden\/wp-json\/wp\/v2\/types\/product"}],"wp:featuredmedia":[{"embeddable":true,"href":"https:\/\/kraut-zone.de\/laden\/wp-json\/wp\/v2\/media\/19536"}],"wp:attachment":[{"href":"https:\/\/kraut-zone.de\/laden\/wp-json\/wp\/v2\/media?parent=368"}],"wp:term":[{"taxonomy":"product_brand","embeddable":true,"href":"https:\/\/kraut-zone.de\/laden\/wp-json\/wp\/v2\/product_brand?post=368"},{"taxonomy":"product_cat","embeddable":true,"href":"https:\/\/kraut-zone.de\/laden\/wp-json\/wp\/v2\/product_cat?post=368"},{"taxonomy":"product_tag","embeddable":true,"href":"https:\/\/kraut-zone.de\/laden\/wp-json\/wp\/v2\/product_tag?post=368"}],"curies":[{"name":"wp","href":"https:\/\/api.w.org\/{rel}","templated":true}]}}