    {"id":369,"date":"2020-11-02T17:55:17","date_gmt":"2020-11-02T17:55:17","guid":{"rendered":"https:\/\/kraut-zone.de\/laden\/?post_type=product&#038;p=369"},"modified":"2025-12-01T17:19:57","modified_gmt":"2025-12-01T17:19:57","slug":"kaiserabo","status":"publish","type":"product","link":"https:\/\/kraut-zone.de\/laden\/produkt\/kaiserabo\/","title":{"rendered":"Kaiserabo"},"content":{"rendered":"<p><strong>Beinhaltet: <\/strong>Die regul\u00e4re Ausgabe gedruckt und im PDF oder E-Paper-Format, die Sonderausgabe &#8220;Konservative Hipster&#8221; und eine Einladung zum Kaisertreffen (j\u00e4hrlich). Einladungen werden nur an Kaiserabonnenten verschickt. Wir behalten uns vor, Eintrittskosten zu erheben, um die Veranstaltung kostendeckend zu organisieren.<\/p>\n<p><strong>Erscheinungsweise:<\/strong> Alle zwei Monate. Das Abo beginnt mit der jeweils aktuellen Ausgabe. Sollte es gew\u00fcnscht sein, das Abo mit einer anderen Ausgabe beginnen zu lassen, k\u00f6nnen Sie beim Bestellabschluss eine Notiz angeben.<\/p>\n<p><strong><span id=\"char-node\">Versand:<\/span><\/strong> Wir versenden in komplett neutralen Papierumschl\u00e4gen.<\/p>\n<p><strong><span id=\"char-node\">Laufzeit:<\/span><\/strong> Die Abos verl\u00e4ngern sich nach sechs Heften (einem Jahr) automatisch.<\/p>\n<p><strong>K\u00fcndigung:<\/strong> Wird das Vertragsverh\u00e4ltnis im ersten Vertragsjahr nicht bis einen Monat vor Vertragsende gek\u00fcndigt, verl\u00e4ngert es sich automatisch. Nach der Verl\u00e4ngerung besteht das Recht, das Vertragsverh\u00e4ltnis jederzeit mit einer Frist von einem Monat zu k\u00fcndigen.<\/p>\n<p><strong>Zahlungsweisen:<\/strong> Rechnung, Kreditkarte, PayPal, ApplePay und Lastschrift.<\/p>\n","protected":false},"excerpt":{"rendered":"<p>\u2714 6 Ausgaben im Jahr<br \/>\n\u2714 Sonderausgabe &#8220;Konservative Hipster&#8221;<br \/>\n\u2714 Einladung zum j\u00e4hrlichen Redaktionsbes\u00e4ufnis<br \/>\n\u2714 Versandkosten sparen<br \/>\n\u2714 jederzeit k\u00fcndbar<br \/>\n\u2714 Du unterst\u00fctzt unsere Arbeit!<\/p>\n","protected":false},"featured_media":19535,"template":"","meta":{"_acf_changed":false},"product_brand":[],"product_cat":[34],"product_tag":[],"class_list":{"0":"post-369","1":"product","2":"type-product","3":"status-publish","4":"has-post-thumbnail","6":"product_cat-krautzone-abo","7":"product_shipping_class-abos","9":"first","10":"instock","11":"taxable","12":"shipping-taxable","13":"purchasable","14":"product-type-simple"},"acf":[],"_links":{"self":[{"href":"https:\/\/kraut-zone.de\/laden\/wp-json\/wp\/v2\/product\/369","targetHints":{"allow":["GET"]}}],"collection":[{"href":"https:\/\/kraut-zone.de\/laden\/wp-json\/wp\/v2\/product"}],"about":[{"href":"https:\/\/kraut-zone.de\/laden\/wp-json\/wp\/v2\/types\/product"}],"wp:featuredmedia":[{"embeddable":true,"href":"https:\/\/kraut-zone.de\/laden\/wp-json\/wp\/v2\/media\/19535"}],"wp:attachment":[{"href":"https:\/\/kraut-zone.de\/laden\/wp-json\/wp\/v2\/media?parent=369"}],"wp:term":[{"taxonomy":"product_brand","embeddable":true,"href":"https:\/\/kraut-zone.de\/laden\/wp-json\/wp\/v2\/product_brand?post=369"},{"taxonomy":"product_cat","embeddable":true,"href":"https:\/\/kraut-zone.de\/laden\/wp-json\/wp\/v2\/product_cat?post=369"},{"taxonomy":"product_tag","embeddable":true,"href":"https:\/\/kraut-zone.de\/laden\/wp-json\/wp\/v2\/product_tag?post=369"}],"curies":[{"name":"wp","href":"https:\/\/api.w.org\/{rel}","templated":true}]}}