    {"id":3734,"date":"2021-09-30T10:31:49","date_gmt":"2021-09-30T10:31:49","guid":{"rendered":"https:\/\/kraut-zone.de\/laden\/?post_type=product&#038;p=3734"},"modified":"2025-09-12T19:09:40","modified_gmt":"2025-09-12T19:09:40","slug":"23-ausgabe-16-jahre-angela-merkel","status":"publish","type":"product","link":"https:\/\/kraut-zone.de\/laden\/produkt\/23-ausgabe-16-jahre-angela-merkel\/","title":{"rendered":"23. Ausgabe &#8211; 16 Jahre Angela Merkel"},"content":{"rendered":"<p><strong>Erscheint Anfang Oktober<br \/>\n<\/strong><\/p>\n<p>Unsere aktuelle Ausgabe: Alles zu Angela Merkel und wie sie Deutschland transformiert hat.<\/p>\n<p><strong>Inhalt dieser Ausgabe:<\/strong> Abermillionen Angela Merkels, Eine Katastrophale Bilanz &#8211; und ein wenig Hoffnung, Bunte Seiten, KRAZ-Gespr\u00e4ch mit Frank B\u00f6ckelmann, Konservative Parteien in Mitteleuropa, Frustrierte Europ\u00e4er w\u00e4hrend Corona, Der ultimative KRAZ-Broker-Vergleich, Faktencheck: Grenzen schlie\u00dfen?, Faschismus (Teil 2), Angela Merkels Gro\u00dfvater, Kuba: Das ausbruchsichere Paradies (KRAZ-Reportage), In der Zeit zur\u00fcck &#8211; Warum ist die Vergangenheit so rosig?, Typologie der Deutschen: Der Untertan, Autorit\u00e4ten in Theorie und Praxis, Die Geschichte der Gr\u00fcnen Bewegung (Teil 2), Zur\u00fcck in die 90er?, Krautfilme: L.A. Confidential, Aufwachsen im Merkel-Regime, Christentum und Konservatismus, Stolz auf sein Land sein, Das geringste \u00dcbel: Die Bundestagswahl.<\/p>\n<p><strong>Autoren der Ausgabe:<\/strong> Florian M\u00fcller, Hannes Plenge, Friedrich Fechter, Maximilian Kneller, Stefan Nguyen, Markus Stirner, Frank B\u00f6ckelmann (Gespr\u00e4chsgast), Fridericus Vesargo, Karl Napf, Katharina Hillermann, Moritz Ostertag, Johannes Endres, Pauline Mei\u00dfner.<\/p>\n<p><em>(Preisanstieg? Wir werden gezwungen, die Politik dieses Landes mit 7\/19 Prozent Mehrwertsteuer zu unterst\u00fctzen)<\/em><\/p>\n","protected":false},"excerpt":{"rendered":"<p>Erscheint Anfang Oktober Unsere aktuelle Ausgabe: Alles zu Angela Merkel und wie sie Deutschland transformiert hat. Inhalt dieser Ausgabe: Abermillionen Angela Merkels, Eine Katastrophale Bilanz &#8211; und ein wenig Hoffnung, Bunte Seiten, KRAZ-Gespr\u00e4ch mit Frank B\u00f6ckelmann, Konservative Parteien in Mitteleuropa, Frustrierte Europ\u00e4er w\u00e4hrend Corona, Der ultimative KRAZ-Broker-Vergleich, Faktencheck: Grenzen schlie\u00dfen?, Faschismus (Teil 2), Angela Merkels [&hellip;]<\/p>\n","protected":false},"featured_media":19648,"template":"","meta":{"_acf_changed":false},"product_brand":[],"product_cat":[36],"product_tag":[],"class_list":{"0":"post-3734","1":"product","2":"type-product","3":"status-publish","4":"has-post-thumbnail","6":"product_cat-einzelhefte","8":"first","9":"instock","10":"sale","11":"taxable","12":"shipping-taxable","13":"purchasable","14":"product-type-variable","15":"has-default-attributes"},"acf":[],"_links":{"self":[{"href":"https:\/\/kraut-zone.de\/laden\/wp-json\/wp\/v2\/product\/3734","targetHints":{"allow":["GET"]}}],"collection":[{"href":"https:\/\/kraut-zone.de\/laden\/wp-json\/wp\/v2\/product"}],"about":[{"href":"https:\/\/kraut-zone.de\/laden\/wp-json\/wp\/v2\/types\/product"}],"wp:featuredmedia":[{"embeddable":true,"href":"https:\/\/kraut-zone.de\/laden\/wp-json\/wp\/v2\/media\/19648"}],"wp:attachment":[{"href":"https:\/\/kraut-zone.de\/laden\/wp-json\/wp\/v2\/media?parent=3734"}],"wp:term":[{"taxonomy":"product_brand","embeddable":true,"href":"https:\/\/kraut-zone.de\/laden\/wp-json\/wp\/v2\/product_brand?post=3734"},{"taxonomy":"product_cat","embeddable":true,"href":"https:\/\/kraut-zone.de\/laden\/wp-json\/wp\/v2\/product_cat?post=3734"},{"taxonomy":"product_tag","embeddable":true,"href":"https:\/\/kraut-zone.de\/laden\/wp-json\/wp\/v2\/product_tag?post=3734"}],"curies":[{"name":"wp","href":"https:\/\/api.w.org\/{rel}","templated":true}]}}