    {"id":4305,"date":"2021-12-29T09:43:39","date_gmt":"2021-12-29T09:43:39","guid":{"rendered":"https:\/\/kraut-zone.de\/laden\/?post_type=product&#038;p=4305"},"modified":"2025-09-12T19:08:19","modified_gmt":"2025-09-12T19:08:19","slug":"24-ausgabe-verschwoerungstheorien","status":"publish","type":"product","link":"https:\/\/kraut-zone.de\/laden\/produkt\/24-ausgabe-verschwoerungstheorien\/","title":{"rendered":"24. Ausgabe &#8211; Verschw\u00f6rungstheorien"},"content":{"rendered":"<p><strong>Erscheint Mitte Dezember<br \/>\n<\/strong><\/p>\n<p>Unsere aktuelle Ausgabe: Verschw\u00f6rungstheorien! Was steckt wirklich dahinter?<\/p>\n<p><strong>Inhalt dieser Ausgabe: <\/strong>Leitartikel pro und kontra, Bunte Seiten, Der Altlinke, Verschw\u00f6rungstheorien weltweit, Anlegen f\u00fcr Dummies, Faktencheck: Vier wahre Verschw\u00f6rungstheorien, Hyperborea, Faschismus (Teil 3), Boomer-Alarm &#8211; das gro\u00dfe KRAZ-Quizz, Bis ans Ende der Welt, Tolkien und der Herr der Ringe, Das Geldsystem &#8211; Die Wurzel allen \u00dcbels, Adrenochrom, Krautfilme: Get Out, Frauenquote im Parlament, Christliche Ethik, Parallelgesellschaften, Konsumgut Ideologie.<\/p>\n<p><strong>Autoren der Ausgabe:<\/strong> Florian M\u00fcller, Hannes Plenge, Friedrich Fechter, Maximilian Kneller, Fridericus Vesargo, Karl Napf, Katharina Hillermann, Max Reinhardt, Pauline Mei\u00dfner, Lambda.<\/p>\n<p><em>(Preisanstieg? Wir werden gezwungen, die Politik dieses Landes mit 7\/19 Prozent Mehrwertsteuer zu unterst\u00fctzen)<\/em><\/p>\n","protected":false},"excerpt":{"rendered":"<p>Erscheint Mitte Dezember Unsere aktuelle Ausgabe: Verschw\u00f6rungstheorien! Was steckt wirklich dahinter? Inhalt dieser Ausgabe: Leitartikel pro und kontra, Bunte Seiten, Der Altlinke, Verschw\u00f6rungstheorien weltweit, Anlegen f\u00fcr Dummies, Faktencheck: Vier wahre Verschw\u00f6rungstheorien, Hyperborea, Faschismus (Teil 3), Boomer-Alarm &#8211; das gro\u00dfe KRAZ-Quizz, Bis ans Ende der Welt, Tolkien und der Herr der Ringe, Das Geldsystem &#8211; Die [&hellip;]<\/p>\n","protected":false},"featured_media":19670,"template":"","meta":{"_acf_changed":false},"product_brand":[],"product_cat":[36],"product_tag":[],"class_list":{"0":"post-4305","1":"product","2":"type-product","3":"status-publish","4":"has-post-thumbnail","6":"product_cat-einzelhefte","8":"first","9":"instock","10":"taxable","11":"shipping-taxable","12":"purchasable","13":"product-type-variable","14":"has-default-attributes"},"acf":[],"_links":{"self":[{"href":"https:\/\/kraut-zone.de\/laden\/wp-json\/wp\/v2\/product\/4305","targetHints":{"allow":["GET"]}}],"collection":[{"href":"https:\/\/kraut-zone.de\/laden\/wp-json\/wp\/v2\/product"}],"about":[{"href":"https:\/\/kraut-zone.de\/laden\/wp-json\/wp\/v2\/types\/product"}],"wp:featuredmedia":[{"embeddable":true,"href":"https:\/\/kraut-zone.de\/laden\/wp-json\/wp\/v2\/media\/19670"}],"wp:attachment":[{"href":"https:\/\/kraut-zone.de\/laden\/wp-json\/wp\/v2\/media?parent=4305"}],"wp:term":[{"taxonomy":"product_brand","embeddable":true,"href":"https:\/\/kraut-zone.de\/laden\/wp-json\/wp\/v2\/product_brand?post=4305"},{"taxonomy":"product_cat","embeddable":true,"href":"https:\/\/kraut-zone.de\/laden\/wp-json\/wp\/v2\/product_cat?post=4305"},{"taxonomy":"product_tag","embeddable":true,"href":"https:\/\/kraut-zone.de\/laden\/wp-json\/wp\/v2\/product_tag?post=4305"}],"curies":[{"name":"wp","href":"https:\/\/api.w.org\/{rel}","templated":true}]}}