    {"id":4680,"date":"2022-02-17T12:05:40","date_gmt":"2022-02-17T12:05:40","guid":{"rendered":"https:\/\/kraut-zone.de\/laden\/?post_type=product&#038;p=4680"},"modified":"2025-09-12T18:06:47","modified_gmt":"2025-09-12T18:06:47","slug":"25-ausgabe-die-ampel","status":"publish","type":"product","link":"https:\/\/kraut-zone.de\/laden\/produkt\/25-ausgabe-die-ampel\/","title":{"rendered":"25. Ausgabe &#8211; Die Ampel"},"content":{"rendered":"<p><strong>Erscheint Mitte Februar<\/strong><\/p>\n<p>Leitartikel \u201cAmpel\u201d, Typologie der Deutschen: Die Gehaltsmuschi, Bunte Zahlen: Ern\u00e4hrung, GEZ-Propaganda und \u201cRassismus\u201d, Anlegen f\u00fcr Dummies: Uhren, Die ewige Jugend, Faschismus (Teil IV), Gespr\u00e4ch: Studenten stehen auf, Mythos Absolutismus, Reportage: Unter Gotteskriegern und Drogendealern, Die Wurzel allen \u00dcbels: Das Geldsystem (Teil II), Konservative Hipster: Der erste Bodybuilder, Krautfilme: Oldboy, Jung, weiblich, basiert: Rechte Influencerinnen, Kirchenglocke: Endzeitstimmung, Pauline p\u00f6belt: Kulturschutzfront, Carl Schmitt und der Doppelstandard.<\/p>\n<p><em>(Preisanstieg? Wir werden gezwungen, die Politik dieses Landes mit 7\/19 Prozent Mehrwertsteuer zu unterst\u00fctzen)<\/em><\/p>\n","protected":false},"excerpt":{"rendered":"<p>Erscheint Mitte Februar Leitartikel \u201cAmpel\u201d, Typologie der Deutschen: Die Gehaltsmuschi, Bunte Zahlen: Ern\u00e4hrung, GEZ-Propaganda und \u201cRassismus\u201d, Anlegen f\u00fcr Dummies: Uhren, Die ewige Jugend, Faschismus (Teil IV), Gespr\u00e4ch: Studenten stehen auf, Mythos Absolutismus, Reportage: Unter Gotteskriegern und Drogendealern, Die Wurzel allen \u00dcbels: Das Geldsystem (Teil II), Konservative Hipster: Der erste Bodybuilder, Krautfilme: Oldboy, Jung, weiblich, basiert: [&hellip;]<\/p>\n","protected":false},"featured_media":19672,"template":"","meta":{"_acf_changed":false},"product_brand":[],"product_cat":[36],"product_tag":[],"class_list":{"0":"post-4680","1":"product","2":"type-product","3":"status-publish","4":"has-post-thumbnail","6":"product_cat-einzelhefte","8":"first","9":"instock","10":"taxable","11":"shipping-taxable","12":"purchasable","13":"product-type-variable","14":"has-default-attributes"},"acf":[],"_links":{"self":[{"href":"https:\/\/kraut-zone.de\/laden\/wp-json\/wp\/v2\/product\/4680","targetHints":{"allow":["GET"]}}],"collection":[{"href":"https:\/\/kraut-zone.de\/laden\/wp-json\/wp\/v2\/product"}],"about":[{"href":"https:\/\/kraut-zone.de\/laden\/wp-json\/wp\/v2\/types\/product"}],"wp:featuredmedia":[{"embeddable":true,"href":"https:\/\/kraut-zone.de\/laden\/wp-json\/wp\/v2\/media\/19672"}],"wp:attachment":[{"href":"https:\/\/kraut-zone.de\/laden\/wp-json\/wp\/v2\/media?parent=4680"}],"wp:term":[{"taxonomy":"product_brand","embeddable":true,"href":"https:\/\/kraut-zone.de\/laden\/wp-json\/wp\/v2\/product_brand?post=4680"},{"taxonomy":"product_cat","embeddable":true,"href":"https:\/\/kraut-zone.de\/laden\/wp-json\/wp\/v2\/product_cat?post=4680"},{"taxonomy":"product_tag","embeddable":true,"href":"https:\/\/kraut-zone.de\/laden\/wp-json\/wp\/v2\/product_tag?post=4680"}],"curies":[{"name":"wp","href":"https:\/\/api.w.org\/{rel}","templated":true}]}}