    {"id":4880,"date":"2022-04-19T07:02:08","date_gmt":"2022-04-19T07:02:08","guid":{"rendered":"https:\/\/kraut-zone.de\/laden\/?post_type=product&#038;p=4880"},"modified":"2025-09-12T19:07:14","modified_gmt":"2025-09-12T19:07:14","slug":"26-ausgabe-krieg-in-der-ukraine","status":"publish","type":"product","link":"https:\/\/kraut-zone.de\/laden\/produkt\/26-ausgabe-krieg-in-der-ukraine\/","title":{"rendered":"26. Ausgabe &#8211; Krieg in der Ukraine"},"content":{"rendered":"<p><strong>Erscheint Mitte April<\/strong><\/p>\n<ul>\n<li>Leitartikel \u201cUkrainekrieg\u201d: Wer hat ihn zu verantworten?<\/li>\n<li>Bunte Zahlen: Auflagestarke Medien, Einsatz f\u00fcr die Ukraine und eine unvorstellbare Inflation<\/li>\n<li>Portrait: Elon Musk. Wie tickt der reichste Mann der Welt und ist der ein potenzieller Verb\u00fcndeter?<\/li>\n<li>Timeless: Die neuste M\u00f6glichkeit f\u00fcr dein Investment<\/li>\n<li>J\u00fcrgen Els\u00e4sser im Gespr\u00e4ch: Der &#8220;Putin-Versteher&#8221; \u00fcber die Aggression der NATO, die geopolitische Situation in der Ostukraine und warum er vom Linken zum Rechten wurde.<\/li>\n<li>Einblicke in die Welt Umfragen: Wie stehen die Russen und Ukrainer zum Krieg?<\/li>\n<li>NEU: Kurzdossier. Zwei L\u00e4nder in Zahlen. Was steckt eigentlich hinter den beiden Volkwirtschaften?<\/li>\n<li>Tomasz Froelich im Gespr\u00e4ch: Der Pressesprecher der ID-Fraktion und ehemaliger B\u00fcroleiter von J\u00f6rg Meuthen steht differenziert zum Krieg im Westen.<\/li>\n<li>H\u00e4ngengeblieben: Dass Konservative entspannt auf den Krieg in der Ukraine blicken k\u00f6nnen, liegt an ihrem Weltbild<\/li>\n<li>Das M\u00e4rchen vom guten Eurasien: Teile der politischen Rechte mag Russland. Ein Holzweg?<\/li>\n<li>Das gro\u00dfe KRAZ-Quizz: Wo stehe ich? Nato-Arschkriecher oder Dugin-Speichellecker? Erkenne dich selbst auf dem Putin-O-Meter!<\/li>\n<li>Cui Bono: Wer profitiert eigentlich vom Ukrainekrieg? Eine plausible Verschw\u00f6rungstheorie&#8230;<\/li>\n<li>Apocalypse Now. US-amerikanische &#8220;Interventionen&#8221; haben Geschichte.<\/li>\n<li>Selbstbestimmungsgesetz: Geschlechterunterschiede verschwimmen.<\/li>\n<li>Kirchenglocke: Gottesfurcht oder Menschenfurcht?<\/li>\n<li>Pauline p\u00f6belt: Denglische Deutschlandretter<\/li>\n<li>Deutschland und der Ukrainekrieg: Wo steht unser Land?<\/li>\n<\/ul>\n<p><em>(Preisanstieg? Wir werden gezwungen, die Politik dieses Landes mit 7\/19 Prozent Mehrwertsteuer zu unterst\u00fctzen)<\/em><\/p>\n","protected":false},"excerpt":{"rendered":"<p>Erscheint Mitte April Leitartikel \u201cUkrainekrieg\u201d: Wer hat ihn zu verantworten? Bunte Zahlen: Auflagestarke Medien, Einsatz f\u00fcr die Ukraine und eine unvorstellbare Inflation Portrait: Elon Musk. Wie tickt der reichste Mann der Welt und ist der ein potenzieller Verb\u00fcndeter? Timeless: Die neuste M\u00f6glichkeit f\u00fcr dein Investment J\u00fcrgen Els\u00e4sser im Gespr\u00e4ch: Der &#8220;Putin-Versteher&#8221; \u00fcber die Aggression der [&hellip;]<\/p>\n","protected":false},"featured_media":19674,"template":"","meta":{"_acf_changed":false},"product_brand":[],"product_cat":[36],"product_tag":[],"class_list":{"0":"post-4880","1":"product","2":"type-product","3":"status-publish","4":"has-post-thumbnail","6":"product_cat-einzelhefte","8":"first","9":"instock","10":"taxable","11":"shipping-taxable","12":"purchasable","13":"product-type-variable","14":"has-default-attributes"},"acf":[],"_links":{"self":[{"href":"https:\/\/kraut-zone.de\/laden\/wp-json\/wp\/v2\/product\/4880","targetHints":{"allow":["GET"]}}],"collection":[{"href":"https:\/\/kraut-zone.de\/laden\/wp-json\/wp\/v2\/product"}],"about":[{"href":"https:\/\/kraut-zone.de\/laden\/wp-json\/wp\/v2\/types\/product"}],"wp:featuredmedia":[{"embeddable":true,"href":"https:\/\/kraut-zone.de\/laden\/wp-json\/wp\/v2\/media\/19674"}],"wp:attachment":[{"href":"https:\/\/kraut-zone.de\/laden\/wp-json\/wp\/v2\/media?parent=4880"}],"wp:term":[{"taxonomy":"product_brand","embeddable":true,"href":"https:\/\/kraut-zone.de\/laden\/wp-json\/wp\/v2\/product_brand?post=4880"},{"taxonomy":"product_cat","embeddable":true,"href":"https:\/\/kraut-zone.de\/laden\/wp-json\/wp\/v2\/product_cat?post=4880"},{"taxonomy":"product_tag","embeddable":true,"href":"https:\/\/kraut-zone.de\/laden\/wp-json\/wp\/v2\/product_tag?post=4880"}],"curies":[{"name":"wp","href":"https:\/\/api.w.org\/{rel}","templated":true}]}}