    {"id":5156,"date":"2022-06-21T08:11:07","date_gmt":"2022-06-21T08:11:07","guid":{"rendered":"https:\/\/kraut-zone.de\/laden\/?post_type=product&#038;p=5156"},"modified":"2025-09-12T19:05:53","modified_gmt":"2025-09-12T19:05:53","slug":"27-ausgabe-geldsystem-in-der-krise","status":"publish","type":"product","link":"https:\/\/kraut-zone.de\/laden\/produkt\/27-ausgabe-geldsystem-in-der-krise\/","title":{"rendered":"27. Ausgabe &#8211; Geldsystem in der Krise"},"content":{"rendered":"<p><strong>Erscheint Mitte Juni<\/strong><\/p>\n<ul>\n<li>Leitartikel \u201cGeldsystem\u201d: Wohin f\u00fchrt die EZB-Politik?<\/li>\n<li>Bunte Zahlen: Zitate, Zahl der Woche, Ampel-Diagramm<\/li>\n<li>Quo Vadis AfD?: Wohin geht die patriotische Oppositionspartei?<\/li>\n<li>Kriseninvestments: Rohstoffe, Edelmetalle oder doch &#8220;Big-Tech&#8221;?<\/li>\n<li>Guido H\u00fclsmann im Gespr\u00e4ch: Der &#8220;\u00d6sterreicher&#8221; ist Professor in Frankreich und warnt vor einer &#8220;Krise ohne Ende&#8221;.<\/li>\n<li>Umfragen: Welche Autoren haben die Krautzone-Leser am st\u00e4rksten beeinflusst?<\/li>\n<li>Infografik: Geschichte des Geldes und alternativen zum jetzigien Geldsystem. Wie funktionieren Free-Banking, Goldstandard und Bitcoin?<\/li>\n<li>H\u00e4ngengeblieben: Wie reich war Opa wirklich? Der Wohlstand im deutschen Kaiserreich<\/li>\n<li>Der Fluch des Goldes: Spanien schaffte Gold und Silber in die Alte Welt &#8211; und wurde dadurch immer \u00e4rmer&#8230;<\/li>\n<li>Das preu\u00dfische Steuersystem: Libert\u00e4r bis zur Schmerzgrenze.<\/li>\n<li>Das gro\u00dfe KRAZ-Quizz: Rechtsautorit\u00e4r oder Linksautorit\u00e4r? Rechtsliberal oder Linksliberal? Der politische Kompass zeigt deine Position.<\/li>\n<li>St\u00fcrme in der Vend\u00e9e: Franz\u00f6sische Revolution? Nein, danke! Wie reaktion\u00e4re Bauern versuchten, die Republik aufzuhalten.<\/li>\n<li>Der Rausch. Ein differenzierter und unterhaltsamer Blick auf K\u00f6nig Alkohol und seine Gefahren.<\/li>\n<li>Zwei Wochen Detox: Wie Social Media uns krank macht<\/li>\n<li>Der Islam geh\u00f6rt zu Deutschland!? Fakten sind Fakten&#8230;<\/li>\n<li>Kirchenglocke: T\u00f6dlicher Moralismus und Vergebung.<\/li>\n<li>Pauline p\u00f6belt: Krieg den Soundboxen!<\/li>\n<li>Wer definitiert betr\u00fcgt! Man kann \u00fcberhaupt nicht sagen, was das Deutsche Volk ist&#8230;<\/li>\n<\/ul>\n<p><em>(Preisanstieg? Wir werden gezwungen, die Politik dieses Landes mit 7\/19 Prozent Mehrwertsteuer zu unterst\u00fctzen)<\/em><\/p>\n","protected":false},"excerpt":{"rendered":"<p>Erscheint Mitte Juni Leitartikel \u201cGeldsystem\u201d: Wohin f\u00fchrt die EZB-Politik? Bunte Zahlen: Zitate, Zahl der Woche, Ampel-Diagramm Quo Vadis AfD?: Wohin geht die patriotische Oppositionspartei? Kriseninvestments: Rohstoffe, Edelmetalle oder doch &#8220;Big-Tech&#8221;? Guido H\u00fclsmann im Gespr\u00e4ch: Der &#8220;\u00d6sterreicher&#8221; ist Professor in Frankreich und warnt vor einer &#8220;Krise ohne Ende&#8221;. Umfragen: Welche Autoren haben die Krautzone-Leser am st\u00e4rksten [&hellip;]<\/p>\n","protected":false},"featured_media":19649,"template":"","meta":{"_acf_changed":false},"product_brand":[],"product_cat":[36],"product_tag":[],"class_list":{"0":"post-5156","1":"product","2":"type-product","3":"status-publish","4":"has-post-thumbnail","6":"product_cat-einzelhefte","8":"first","9":"instock","10":"taxable","11":"shipping-taxable","12":"purchasable","13":"product-type-variable","14":"has-default-attributes"},"acf":[],"_links":{"self":[{"href":"https:\/\/kraut-zone.de\/laden\/wp-json\/wp\/v2\/product\/5156","targetHints":{"allow":["GET"]}}],"collection":[{"href":"https:\/\/kraut-zone.de\/laden\/wp-json\/wp\/v2\/product"}],"about":[{"href":"https:\/\/kraut-zone.de\/laden\/wp-json\/wp\/v2\/types\/product"}],"wp:featuredmedia":[{"embeddable":true,"href":"https:\/\/kraut-zone.de\/laden\/wp-json\/wp\/v2\/media\/19649"}],"wp:attachment":[{"href":"https:\/\/kraut-zone.de\/laden\/wp-json\/wp\/v2\/media?parent=5156"}],"wp:term":[{"taxonomy":"product_brand","embeddable":true,"href":"https:\/\/kraut-zone.de\/laden\/wp-json\/wp\/v2\/product_brand?post=5156"},{"taxonomy":"product_cat","embeddable":true,"href":"https:\/\/kraut-zone.de\/laden\/wp-json\/wp\/v2\/product_cat?post=5156"},{"taxonomy":"product_tag","embeddable":true,"href":"https:\/\/kraut-zone.de\/laden\/wp-json\/wp\/v2\/product_tag?post=5156"}],"curies":[{"name":"wp","href":"https:\/\/api.w.org\/{rel}","templated":true}]}}