    {"id":5872,"date":"2022-10-17T17:02:47","date_gmt":"2022-10-17T17:02:47","guid":{"rendered":"https:\/\/kraut-zone.de\/laden\/?post_type=product&#038;p=5872"},"modified":"2025-09-12T19:04:09","modified_gmt":"2025-09-12T19:04:09","slug":"29-ausgabe-demographie","status":"publish","type":"product","link":"https:\/\/kraut-zone.de\/laden\/produkt\/29-ausgabe-demographie\/","title":{"rendered":"29. Ausgabe &#8211; Demographie"},"content":{"rendered":"<p><strong>Erscheint Mitte Oktober<\/strong><\/p>\n<ul>\n<li>Pro und kontra Leitartikel \u201cDemographie&#8221;<\/li>\n<li>Bunte Zahlen: Kalter Winter, das demographische Wunderland, Beamte gegen den Staat<\/li>\n<li>Andrij Melnyk und die K\u00f6terrasse<\/li>\n<li>Demographisches Investieren: Todsicher?<\/li>\n<li>Go Home, Ami go Home? Unsere &#8220;Verb\u00fcndeten&#8221; &#8230;<\/li>\n<li>Der britische Demographie-Experte Paul Morland im Gespr\u00e4ch<\/li>\n<li>KRAZ-Graphik: Europa im \u00dcberblick. Fruchtbarkeit, Alter, Lebenserwartung, Migration<\/li>\n<li>Weltweit: So altert die Welt<\/li>\n<li>H\u00e4ngengeblieben: Thomas Malthus &#8211; der Protoyp der Alarmisten<\/li>\n<li>Der Pr\u00fcgelknabe?!: Eine Lanze f\u00fcr den Westdeutschen Boomer<\/li>\n<li>Finnland: Das Bollwerk gegen den Bolschewismus<\/li>\n<li>Loft: Spannender Thriller<\/li>\n<li>Hobbys oder Mu\u00dfe<\/li>\n<li>Prostitution: Ein deutsches Problem?<\/li>\n<li>Kirchenglocke: Der Niedergang der Volkskirchen<\/li>\n<li>Pauline p\u00f6belt: Weicheier statt echter M\u00e4nner<\/li>\n<li>\u00d6ffentlich-Rechtlicher Rundfunk abschaffen? Nicht ganz&#8230;.<\/li>\n<\/ul>\n<p><em>(Preisanstieg? Wir werden gezwungen, die Politik dieses Landes mit 7\/19 Prozent Mehrwertsteuer zu unterst\u00fctzen)<\/em><\/p>\n","protected":false},"excerpt":{"rendered":"<p>Erscheint Mitte Oktober Pro und kontra Leitartikel \u201cDemographie&#8221; Bunte Zahlen: Kalter Winter, das demographische Wunderland, Beamte gegen den Staat Andrij Melnyk und die K\u00f6terrasse Demographisches Investieren: Todsicher? Go Home, Ami go Home? Unsere &#8220;Verb\u00fcndeten&#8221; &#8230; Der britische Demographie-Experte Paul Morland im Gespr\u00e4ch KRAZ-Graphik: Europa im \u00dcberblick. Fruchtbarkeit, Alter, Lebenserwartung, Migration Weltweit: So altert die Welt [&hellip;]<\/p>\n","protected":false},"featured_media":19651,"template":"","meta":{"_acf_changed":false},"product_brand":[],"product_cat":[36],"product_tag":[],"class_list":{"0":"post-5872","1":"product","2":"type-product","3":"status-publish","4":"has-post-thumbnail","6":"product_cat-einzelhefte","8":"first","9":"instock","10":"taxable","11":"shipping-taxable","12":"purchasable","13":"product-type-variable","14":"has-default-attributes"},"acf":[],"_links":{"self":[{"href":"https:\/\/kraut-zone.de\/laden\/wp-json\/wp\/v2\/product\/5872","targetHints":{"allow":["GET"]}}],"collection":[{"href":"https:\/\/kraut-zone.de\/laden\/wp-json\/wp\/v2\/product"}],"about":[{"href":"https:\/\/kraut-zone.de\/laden\/wp-json\/wp\/v2\/types\/product"}],"wp:featuredmedia":[{"embeddable":true,"href":"https:\/\/kraut-zone.de\/laden\/wp-json\/wp\/v2\/media\/19651"}],"wp:attachment":[{"href":"https:\/\/kraut-zone.de\/laden\/wp-json\/wp\/v2\/media?parent=5872"}],"wp:term":[{"taxonomy":"product_brand","embeddable":true,"href":"https:\/\/kraut-zone.de\/laden\/wp-json\/wp\/v2\/product_brand?post=5872"},{"taxonomy":"product_cat","embeddable":true,"href":"https:\/\/kraut-zone.de\/laden\/wp-json\/wp\/v2\/product_cat?post=5872"},{"taxonomy":"product_tag","embeddable":true,"href":"https:\/\/kraut-zone.de\/laden\/wp-json\/wp\/v2\/product_tag?post=5872"}],"curies":[{"name":"wp","href":"https:\/\/api.w.org\/{rel}","templated":true}]}}