    {"id":596,"date":"2020-11-05T22:10:10","date_gmt":"2020-11-05T22:10:10","guid":{"rendered":"https:\/\/kraut-zone.de\/laden\/?post_type=product&#038;p=596"},"modified":"2025-09-11T18:57:38","modified_gmt":"2025-09-11T18:57:38","slug":"18-ausgabe-geschlecht","status":"publish","type":"product","link":"https:\/\/kraut-zone.de\/laden\/produkt\/18-ausgabe-geschlecht\/","title":{"rendered":"18. Ausgabe &#8211; Geschlecht"},"content":{"rendered":"<p>Unsere aktuelle Ausgabe: Alles zum Thema Gender und Geschlechtergleichheit.<\/p>\n<ul>\n<li>Soziales Geschlecht: Kann da was dran sein?<\/li>\n<li>Wer ist eigentlich schlauer? M\u00e4nner oder Frauen?<\/li>\n<li>Zwei gro\u00dfe Interviews: Thomas Gast, Deutschlands bekanntester Fremdenlegion\u00e4r, und &#8220;The Golden One&#8221;, ein schwedischer YouTuber und Aktivist<\/li>\n<li>Dazu vieles mehr: Bunte Zahlen, Konservative Hipster, Pauline p\u00f6belt und ein Bericht \u00fcber Psylocibin<\/li>\n<\/ul>\n","protected":false},"excerpt":{"rendered":"<p>Unsere aktuelle Ausgabe: Alles zum Thema Gender und Geschlechtergleichheit. Soziales Geschlecht: Kann da was dran sein? Wer ist eigentlich schlauer? M\u00e4nner oder Frauen? Zwei gro\u00dfe Interviews: Thomas Gast, Deutschlands bekanntester Fremdenlegion\u00e4r, und &#8220;The Golden One&#8221;, ein schwedischer YouTuber und Aktivist Dazu vieles mehr: Bunte Zahlen, Konservative Hipster, Pauline p\u00f6belt und ein Bericht \u00fcber Psylocibin<\/p>\n","protected":false},"featured_media":19616,"template":"","meta":{"_acf_changed":false},"product_brand":[],"product_cat":[36],"product_tag":[],"class_list":{"0":"post-596","1":"product","2":"type-product","3":"status-publish","4":"has-post-thumbnail","6":"product_cat-einzelhefte","8":"first","9":"instock","10":"taxable","11":"shipping-taxable","12":"purchasable","13":"product-type-variable","14":"has-default-attributes"},"acf":[],"_links":{"self":[{"href":"https:\/\/kraut-zone.de\/laden\/wp-json\/wp\/v2\/product\/596","targetHints":{"allow":["GET"]}}],"collection":[{"href":"https:\/\/kraut-zone.de\/laden\/wp-json\/wp\/v2\/product"}],"about":[{"href":"https:\/\/kraut-zone.de\/laden\/wp-json\/wp\/v2\/types\/product"}],"wp:featuredmedia":[{"embeddable":true,"href":"https:\/\/kraut-zone.de\/laden\/wp-json\/wp\/v2\/media\/19616"}],"wp:attachment":[{"href":"https:\/\/kraut-zone.de\/laden\/wp-json\/wp\/v2\/media?parent=596"}],"wp:term":[{"taxonomy":"product_brand","embeddable":true,"href":"https:\/\/kraut-zone.de\/laden\/wp-json\/wp\/v2\/product_brand?post=596"},{"taxonomy":"product_cat","embeddable":true,"href":"https:\/\/kraut-zone.de\/laden\/wp-json\/wp\/v2\/product_cat?post=596"},{"taxonomy":"product_tag","embeddable":true,"href":"https:\/\/kraut-zone.de\/laden\/wp-json\/wp\/v2\/product_tag?post=596"}],"curies":[{"name":"wp","href":"https:\/\/api.w.org\/{rel}","templated":true}]}}