{"id":6151,"date":"2022-12-05T10:56:33","date_gmt":"2022-12-05T10:56:33","guid":{"rendered":"https:\/\/kraut-zone.de\/laden\/?post_type=product&#038;p=6151"},"modified":"2025-06-30T21:57:52","modified_gmt":"2025-06-30T21:57:52","slug":"fuer-eine-neue-transpolitik","status":"publish","type":"product","link":"https:\/\/kraut-zone.de\/laden\/produkt\/fuer-eine-neue-transpolitik\/","title":{"rendered":"F\u00fcr eine neue Trans*Politik!"},"content":{"rendered":"<p><strong>Aufschrift: <\/strong>F\u00fcr eine neue Trans*Politik<br \/>\n<strong>Einsatzbereich: <\/strong>wasserfest (outdoorgeignet)<br \/>\n<strong>Format (bedruckte Fl\u00e4che): Din A7 (74&#215;105 mm)<\/strong><br \/>\n<strong>Farbigkeit: <\/strong>4\/0-farbig (vollfarbig bedruckt, hochglanz)<br \/>\n<strong>St\u00e4rke:<\/strong> 90g\/qm Haftfolie<\/p>\n<p>&nbsp;<\/p>\n","protected":false},"excerpt":{"rendered":"<p>Wetterbest\u00e4ndige Aufkleber f\u00fcr das Versch\u00f6nern von privatem Eigentum &#8211; nichts anderem!<\/p>\n","protected":false},"featured_media":15525,"template":"","meta":{"_acf_changed":false},"product_brand":[],"product_cat":[106],"product_tag":[],"class_list":{"0":"post-6151","1":"product","2":"type-product","3":"status-publish","4":"has-post-thumbnail","6":"product_cat-aufkleber","8":"first","9":"instock","10":"taxable","11":"shipping-taxable","12":"purchasable","13":"product-type-variable","14":"has-default-attributes"},"acf":[],"_links":{"self":[{"href":"https:\/\/kraut-zone.de\/laden\/wp-json\/wp\/v2\/product\/6151","targetHints":{"allow":["GET"]}}],"collection":[{"href":"https:\/\/kraut-zone.de\/laden\/wp-json\/wp\/v2\/product"}],"about":[{"href":"https:\/\/kraut-zone.de\/laden\/wp-json\/wp\/v2\/types\/product"}],"wp:featuredmedia":[{"embeddable":true,"href":"https:\/\/kraut-zone.de\/laden\/wp-json\/wp\/v2\/media\/15525"}],"wp:attachment":[{"href":"https:\/\/kraut-zone.de\/laden\/wp-json\/wp\/v2\/media?parent=6151"}],"wp:term":[{"taxonomy":"product_brand","embeddable":true,"href":"https:\/\/kraut-zone.de\/laden\/wp-json\/wp\/v2\/product_brand?post=6151"},{"taxonomy":"product_cat","embeddable":true,"href":"https:\/\/kraut-zone.de\/laden\/wp-json\/wp\/v2\/product_cat?post=6151"},{"taxonomy":"product_tag","embeddable":true,"href":"https:\/\/kraut-zone.de\/laden\/wp-json\/wp\/v2\/product_tag?post=6151"}],"curies":[{"name":"wp","href":"https:\/\/api.w.org\/{rel}","templated":true}]}}