    {"id":6824,"date":"2022-12-16T17:56:31","date_gmt":"2022-12-16T17:56:31","guid":{"rendered":"https:\/\/kraut-zone.de\/laden\/?post_type=product&#038;p=6824"},"modified":"2025-09-12T19:02:28","modified_gmt":"2025-09-12T19:02:28","slug":"30-ausgabe-energiekrise","status":"publish","type":"product","link":"https:\/\/kraut-zone.de\/laden\/produkt\/30-ausgabe-energiekrise\/","title":{"rendered":"30. Ausgabe &#8211; Energiekrise"},"content":{"rendered":"<p><strong>Erscheint Mitte Dezember 2022<br \/>\n<\/strong><\/p>\n<ul>\n<li>Pro und kontra Leitartikel \u201cEnergiepolitik&#8221;<\/li>\n<li>Bunte Zahlen: Immobilienpreise, Benzinpolitik in Ungarn, Zitate und ein Ampeldiagramm<\/li>\n<li>Transrapid in Deutschland: Geschichte des Versagens<\/li>\n<li>Anlegen f\u00fcr Dummies: R\u00fcckblick auf die KRAZ-Empfehlungen<\/li>\n<li>Der Plastikmensch<\/li>\n<li>Michael Limburg im Gespr\u00e4ch: Deutsche Energiepolitik<\/li>\n<li>KRAZ-Graphik: Der deutsche Energieverbrauch und wo man (nicht) sparen kann<\/li>\n<li>Weltweit: Gr\u00fcne Energie? Nein, danke!<\/li>\n<li>H\u00e4ngengeblieben: Odin, Michael und der deutsche Atomausstieg<\/li>\n<li>Kernenergie: So werden die Kosten manipuliert<\/li>\n<li>Heiliges R\u00f6mische Reich deutscher Nation: Warum Sachsen heute Sachsen hei\u00dft<\/li>\n<li>Eine alternative Energiewende<\/li>\n<li>Krautfilme: The Northman<\/li>\n<li>Test: Bist du auf den Ampel-Winter vorbereitet?<\/li>\n<li>Tradwifes: Kampf gegen Feminismus?<\/li>\n<li>Kirchenglocke: S\u00fcnder oder \u00dcbermensch?<\/li>\n<li>Pauline p\u00f6belt: Migration Justive NOW<\/li>\n<li>Das Ende des Managerstaats<\/li>\n<\/ul>\n<p><em>(Preisanstieg? Wir werden gezwungen, die Politik dieses Landes mit 7\/19 Prozent Mehrwertsteuer zu unterst\u00fctzen)<\/em><\/p>\n","protected":false},"excerpt":{"rendered":"<p>Erscheint Mitte Dezember 2022 Pro und kontra Leitartikel \u201cEnergiepolitik&#8221; Bunte Zahlen: Immobilienpreise, Benzinpolitik in Ungarn, Zitate und ein Ampeldiagramm Transrapid in Deutschland: Geschichte des Versagens Anlegen f\u00fcr Dummies: R\u00fcckblick auf die KRAZ-Empfehlungen Der Plastikmensch Michael Limburg im Gespr\u00e4ch: Deutsche Energiepolitik KRAZ-Graphik: Der deutsche Energieverbrauch und wo man (nicht) sparen kann Weltweit: Gr\u00fcne Energie? Nein, danke! [&hellip;]<\/p>\n","protected":false},"featured_media":19669,"template":"","meta":{"_acf_changed":false},"product_brand":[],"product_cat":[36],"product_tag":[],"class_list":{"0":"post-6824","1":"product","2":"type-product","3":"status-publish","4":"has-post-thumbnail","6":"product_cat-einzelhefte","8":"first","9":"instock","10":"taxable","11":"shipping-taxable","12":"purchasable","13":"product-type-variable","14":"has-default-attributes"},"acf":[],"_links":{"self":[{"href":"https:\/\/kraut-zone.de\/laden\/wp-json\/wp\/v2\/product\/6824","targetHints":{"allow":["GET"]}}],"collection":[{"href":"https:\/\/kraut-zone.de\/laden\/wp-json\/wp\/v2\/product"}],"about":[{"href":"https:\/\/kraut-zone.de\/laden\/wp-json\/wp\/v2\/types\/product"}],"wp:featuredmedia":[{"embeddable":true,"href":"https:\/\/kraut-zone.de\/laden\/wp-json\/wp\/v2\/media\/19669"}],"wp:attachment":[{"href":"https:\/\/kraut-zone.de\/laden\/wp-json\/wp\/v2\/media?parent=6824"}],"wp:term":[{"taxonomy":"product_brand","embeddable":true,"href":"https:\/\/kraut-zone.de\/laden\/wp-json\/wp\/v2\/product_brand?post=6824"},{"taxonomy":"product_cat","embeddable":true,"href":"https:\/\/kraut-zone.de\/laden\/wp-json\/wp\/v2\/product_cat?post=6824"},{"taxonomy":"product_tag","embeddable":true,"href":"https:\/\/kraut-zone.de\/laden\/wp-json\/wp\/v2\/product_tag?post=6824"}],"curies":[{"name":"wp","href":"https:\/\/api.w.org\/{rel}","templated":true}]}}