    {"id":7270,"date":"2023-02-15T19:21:33","date_gmt":"2023-02-15T19:21:33","guid":{"rendered":"https:\/\/kraut-zone.de\/laden\/?post_type=product&#038;p=7270"},"modified":"2025-09-12T14:40:25","modified_gmt":"2025-09-12T14:40:25","slug":"31-ausgabe-maennlichkeit","status":"publish","type":"product","link":"https:\/\/kraut-zone.de\/laden\/produkt\/31-ausgabe-maennlichkeit\/","title":{"rendered":"31. Ausgabe &#8211; M\u00e4nnlichkeit"},"content":{"rendered":"<p><strong>Erscheint Mitte Februar 2023<br \/>\n<\/strong><\/p>\n<ul>\n<li>Pro und kontra Leitartikel &#8220;M\u00e4nnlichkeit&#8221;<\/li>\n<li>Bunte Zahlen: Rechtsparteien im Aufwind, F\u00fchrerqualit\u00e4ten, Zitatespa\u00df<\/li>\n<li>Der unendliche Raum zwischen AfD und CDU<\/li>\n<li>KRAZ auf Tour: Das bessere Deutschland liegt im fernen Osten<\/li>\n<li>Soyence: Wie Wissenschaft ein Instrument der Elite wurde<\/li>\n<li>Walter Hollstein im Gespr\u00e4ch: Ein M\u00e4nnerforscher erster Stunde<\/li>\n<li>KRAZ-Graphik: Das starke Geschlecht?<\/li>\n<li>Weltweit: Wie freiheitlich sind die L\u00e4nder der Erde?<\/li>\n<li>Konservative Hipster: Florian Geyer? Spie\u00df voran!<\/li>\n<li>Sun-Sin: Ein koreanischer Volkheld<\/li>\n<li>Ab in den Eisentempel befiehlt &#8220;The Golden One&#8221;<\/li>\n<li>Eine Frage des Charakters: Typologie nach Steiner und co.<\/li>\n<li>Krautfilme: Amsterdam<\/li>\n<li>Test: Welcher deutsche Philosoph bist du?<\/li>\n<li>Social Media: Kampf der Geschlechter<\/li>\n<li>Kirchenglocke: Christentum und M\u00e4nnlichkeit?<\/li>\n<li>Pauline p\u00f6belt: Kindererziehung<\/li>\n<li>Gefahren der Biotechnologie<\/li>\n<\/ul>\n<p><em>(Preisanstieg? Wir werden gezwungen, die Politik dieses Landes mit 7\/19 Prozent Mehrwertsteuer zu unterst\u00fctzen)<\/em><\/p>\n","protected":false},"excerpt":{"rendered":"<p>Erscheint Mitte Februar 2023 Pro und kontra Leitartikel &#8220;M\u00e4nnlichkeit&#8221; Bunte Zahlen: Rechtsparteien im Aufwind, F\u00fchrerqualit\u00e4ten, Zitatespa\u00df Der unendliche Raum zwischen AfD und CDU KRAZ auf Tour: Das bessere Deutschland liegt im fernen Osten Soyence: Wie Wissenschaft ein Instrument der Elite wurde Walter Hollstein im Gespr\u00e4ch: Ein M\u00e4nnerforscher erster Stunde KRAZ-Graphik: Das starke Geschlecht? Weltweit: Wie [&hellip;]<\/p>\n","protected":false},"featured_media":19653,"template":"","meta":{"_acf_changed":false},"product_brand":[],"product_cat":[36],"product_tag":[],"class_list":{"0":"post-7270","1":"product","2":"type-product","3":"status-publish","4":"has-post-thumbnail","6":"product_cat-einzelhefte","8":"first","9":"instock","10":"taxable","11":"shipping-taxable","12":"purchasable","13":"product-type-variable","14":"has-default-attributes"},"acf":[],"_links":{"self":[{"href":"https:\/\/kraut-zone.de\/laden\/wp-json\/wp\/v2\/product\/7270","targetHints":{"allow":["GET"]}}],"collection":[{"href":"https:\/\/kraut-zone.de\/laden\/wp-json\/wp\/v2\/product"}],"about":[{"href":"https:\/\/kraut-zone.de\/laden\/wp-json\/wp\/v2\/types\/product"}],"wp:featuredmedia":[{"embeddable":true,"href":"https:\/\/kraut-zone.de\/laden\/wp-json\/wp\/v2\/media\/19653"}],"wp:attachment":[{"href":"https:\/\/kraut-zone.de\/laden\/wp-json\/wp\/v2\/media?parent=7270"}],"wp:term":[{"taxonomy":"product_brand","embeddable":true,"href":"https:\/\/kraut-zone.de\/laden\/wp-json\/wp\/v2\/product_brand?post=7270"},{"taxonomy":"product_cat","embeddable":true,"href":"https:\/\/kraut-zone.de\/laden\/wp-json\/wp\/v2\/product_cat?post=7270"},{"taxonomy":"product_tag","embeddable":true,"href":"https:\/\/kraut-zone.de\/laden\/wp-json\/wp\/v2\/product_tag?post=7270"}],"curies":[{"name":"wp","href":"https:\/\/api.w.org\/{rel}","templated":true}]}}