    {"id":7332,"date":"2023-02-18T14:50:38","date_gmt":"2023-02-18T14:50:38","guid":{"rendered":"https:\/\/kraut-zone.de\/laden\/?post_type=product&#038;p=7332"},"modified":"2025-05-19T00:43:57","modified_gmt":"2025-05-19T00:43:57","slug":"friedrich-nietzsche-kunstdruck","status":"publish","type":"product","link":"https:\/\/kraut-zone.de\/laden\/produkt\/friedrich-nietzsche-kunstdruck\/","title":{"rendered":"Friedrich Nietzsche"},"content":{"rendered":"<p>Friedrich Nietzsche &#8220;philosophierte mit dem Hammer&#8221; und griff alle gesellschaftlichen Wahrheiten und Normen an &#8211; vor allem das Christentum. Wohl kaum ein Denker hat tiefer und grunds\u00e4tzlicher als Nietzsche gedacht und die Nachwelt damit so ma\u00dfgeblich beeinflusst. Martin Heidegger \u00e4u\u00dferte lakonisch \u00fcber den Autor des &#8220;Antichristen&#8221;: &#8220;Nietzsche hat mich kaputtgemacht.&#8221;<br \/>\nIn seinem weitreichenden Werkt hielt sich Nietzsche auch mit der Staatskritik nicht zur\u00fcck &#8211; was f\u00fcr das sp\u00e4te 19. Jahrhundert revolution\u00e4r war. In seinem Hauptwerk &#8220;Also sprach Zarathustra&#8221; widmet Nietzsche dem Leviathan einen Absatz und schreibt: Staat hei\u00dft das k\u00e4lteste aller kalten Ungeheuer. Kalt l\u00fcgt es auch; und diese L\u00fcge kriecht aus seinem Munde: \u201eIch, der Staat, bin das Volk.\u201c<\/p>\n<p><strong>Produkt:<\/strong> Hochwertiger Kunstdruck einer exklusiven Zeichnung.<br \/>\n<strong>Gr\u00f6\u00dfe:<\/strong> DinA4, DinA5<br \/>\n<strong>Nachhaltigkeit: <\/strong>Unter Austo\u00df enormer CO-Emissionen hergestellt.<br \/>\n<strong>Papier: <\/strong>300 g\/qm Naturpapier cr\u00e8mefarben<br \/>\n<strong>Qualit\u00e4t: <\/strong>HD-Druck matt<br \/>\n<strong>Lieferung:<\/strong> Wir versenden via DHL. Der Kunstdruck wird ohne Rahmen versendet.<\/p>\n","protected":false},"excerpt":{"rendered":"<p>Friedrich Nietzsche &#8220;philosophierte mit dem Hammer&#8221; und griff alle gesellschaftlichen Wahrheiten und Normen an &#8211; vor allem das Christentum. Wohl kaum ein Denker hat tiefer und grunds\u00e4tzlicher als Nietzsche gedacht und die Nachwelt damit so ma\u00dfgeblich beeinflusst. Martin Heidegger \u00e4u\u00dferte lakonisch \u00fcber den Autor des &#8220;Antichristen&#8221;: &#8220;Nietzsche hat mich kaputtgemacht.&#8221; In seinem weitreichenden Werkt hielt [&hellip;]<\/p>\n","protected":false},"featured_media":16355,"template":"","meta":{"_acf_changed":false},"product_brand":[],"product_cat":[117],"product_tag":[],"class_list":{"0":"post-7332","1":"product","2":"type-product","3":"status-publish","4":"has-post-thumbnail","6":"product_cat-kunstdruck","8":"first","9":"instock","10":"taxable","11":"shipping-taxable","12":"purchasable","13":"product-type-variable"},"acf":[],"_links":{"self":[{"href":"https:\/\/kraut-zone.de\/laden\/wp-json\/wp\/v2\/product\/7332","targetHints":{"allow":["GET"]}}],"collection":[{"href":"https:\/\/kraut-zone.de\/laden\/wp-json\/wp\/v2\/product"}],"about":[{"href":"https:\/\/kraut-zone.de\/laden\/wp-json\/wp\/v2\/types\/product"}],"wp:featuredmedia":[{"embeddable":true,"href":"https:\/\/kraut-zone.de\/laden\/wp-json\/wp\/v2\/media\/16355"}],"wp:attachment":[{"href":"https:\/\/kraut-zone.de\/laden\/wp-json\/wp\/v2\/media?parent=7332"}],"wp:term":[{"taxonomy":"product_brand","embeddable":true,"href":"https:\/\/kraut-zone.de\/laden\/wp-json\/wp\/v2\/product_brand?post=7332"},{"taxonomy":"product_cat","embeddable":true,"href":"https:\/\/kraut-zone.de\/laden\/wp-json\/wp\/v2\/product_cat?post=7332"},{"taxonomy":"product_tag","embeddable":true,"href":"https:\/\/kraut-zone.de\/laden\/wp-json\/wp\/v2\/product_tag?post=7332"}],"curies":[{"name":"wp","href":"https:\/\/api.w.org\/{rel}","templated":true}]}}