    {"id":7472,"date":"2023-02-26T18:47:33","date_gmt":"2023-02-26T18:47:33","guid":{"rendered":"https:\/\/kraut-zone.de\/laden\/?post_type=product&#038;p=7472"},"modified":"2025-02-20T12:51:18","modified_gmt":"2025-02-20T12:51:18","slug":"martin-heidegger-kunstdruck","status":"publish","type":"product","link":"https:\/\/kraut-zone.de\/laden\/produkt\/martin-heidegger-kunstdruck\/","title":{"rendered":"Martin Heidegger"},"content":{"rendered":"<p>Martin Heidegger gilt als eine der bedeutendsten Philosophen des 20. Jahrhunderts, der sich haupts\u00e4chlich der &#8220;Seinsfrage&#8221; widmete. Auch Heidegger teilt das gleiche Schicksal wie Kant, da nahezu niemand sich wirklich intensiv mit seiner Philosophie auseinadergesetzt hat. Das ist nicht nur seinen komplexen Gedankeng\u00e4ngen sondern auch Heideggers Sprache geschuldet, der nicht nur komplizierte S\u00e4tze formulierte sondern auch zahlreiche Worte neu erfand, um seine Gedankeng\u00e4nge zu beschreiben. Im polit-philosophischen Mainstream wird Heidegger auf seine Rolle im Nationalsozialismus reduziert. Zu Unrecht. Heidegger entwickelte Zeit seines Lebens nicht nur eine anspruchsvolle Philosophie sondern ist auch f\u00fcr kluge Einzels\u00e4tze bekannt: &#8220;Herkunft aber bleibt stets Zukunft.&#8221;<\/p>\n<p><strong>Produkt:<\/strong> Hochwertiger Kunstdruck einer exklusiven Zeichnung.<br \/>\n<strong>Gr\u00f6\u00dfe:<\/strong> DinA4, DinA5<br \/>\n<strong>Nachhaltigkeit: <\/strong>Unter Austo\u00df enormer CO-Emissionen hergestellt.<br \/>\n<strong>Papier: <\/strong>300 g\/qm Naturpapier cr\u00e8mefarben<br \/>\n<strong>Qualit\u00e4t: <\/strong>HD-Druck matt<br \/>\n<strong>Lieferung:<\/strong> Wir versenden via DHL. Der Kunstdruck wird ohne Rahmen versendet.<\/p>\n","protected":false},"excerpt":{"rendered":"<p>Martin Heidegger gilt als eine der bedeutendsten Philosophen des 20. Jahrhunderts, der sich haupts\u00e4chlich der &#8220;Seinsfrage&#8221; widmete. Auch Heidegger teilt das gleiche Schicksal wie Kant, da nahezu niemand sich wirklich intensiv mit seiner Philosophie auseinadergesetzt hat. Das ist nicht nur seinen komplexen Gedankeng\u00e4ngen sondern auch Heideggers Sprache geschuldet, der nicht nur komplizierte S\u00e4tze formulierte sondern [&hellip;]<\/p>\n","protected":false},"featured_media":16352,"template":"","meta":{"_acf_changed":false},"product_brand":[],"product_cat":[117],"product_tag":[],"class_list":{"0":"post-7472","1":"product","2":"type-product","3":"status-publish","4":"has-post-thumbnail","6":"product_cat-kunstdruck","8":"first","9":"instock","10":"taxable","11":"shipping-taxable","12":"purchasable","13":"product-type-variable"},"acf":[],"_links":{"self":[{"href":"https:\/\/kraut-zone.de\/laden\/wp-json\/wp\/v2\/product\/7472","targetHints":{"allow":["GET"]}}],"collection":[{"href":"https:\/\/kraut-zone.de\/laden\/wp-json\/wp\/v2\/product"}],"about":[{"href":"https:\/\/kraut-zone.de\/laden\/wp-json\/wp\/v2\/types\/product"}],"wp:featuredmedia":[{"embeddable":true,"href":"https:\/\/kraut-zone.de\/laden\/wp-json\/wp\/v2\/media\/16352"}],"wp:attachment":[{"href":"https:\/\/kraut-zone.de\/laden\/wp-json\/wp\/v2\/media?parent=7472"}],"wp:term":[{"taxonomy":"product_brand","embeddable":true,"href":"https:\/\/kraut-zone.de\/laden\/wp-json\/wp\/v2\/product_brand?post=7472"},{"taxonomy":"product_cat","embeddable":true,"href":"https:\/\/kraut-zone.de\/laden\/wp-json\/wp\/v2\/product_cat?post=7472"},{"taxonomy":"product_tag","embeddable":true,"href":"https:\/\/kraut-zone.de\/laden\/wp-json\/wp\/v2\/product_tag?post=7472"}],"curies":[{"name":"wp","href":"https:\/\/api.w.org\/{rel}","templated":true}]}}