    {"id":7482,"date":"2023-02-26T19:04:20","date_gmt":"2023-02-26T19:04:20","guid":{"rendered":"https:\/\/kraut-zone.de\/laden\/?post_type=product&#038;p=7482"},"modified":"2025-06-30T20:45:44","modified_gmt":"2025-06-30T20:45:44","slug":"arthur-schopenhauer-kunstdruck","status":"publish","type":"product","link":"https:\/\/kraut-zone.de\/laden\/produkt\/arthur-schopenhauer-kunstdruck\/","title":{"rendered":"Arthur Schopenhauer"},"content":{"rendered":"<p>Arthur Schopenhauer hinterfragte die Existenz des Menschen radikal und wurde dadurch zum Pessimisten. Er entwickelte jedoch auch eine grundlegend andere Auffassung der Welt und des menschlichen Handelns, das nicht durch Schicksal oder g\u00f6ttliche F\u00fcgungen sondern durch den Willen bestimmt sei. Mit der Willensfreiheit selbst hatte Schopenhauer aber so seine Probleme. Man kann zwar &#8220;wollen&#8221; aber nicht frei entscheiden, was man denn wollen will. Aus Schopenhauers Auffassung entsteht dadurch auch ein gewisserma\u00dfen zynisches Weltbild, das von Schmerz und Leid gepr\u00e4gt ist. Dazu passt auch eine seiner Aussagen \u00fcber die gr\u00fcbelnden Deutschen: &#8220;Ein eigenth\u00fcmlicher Fehler der Deutschen ist, da\u00df sie, was vor ihren F\u00fc\u00dfen liegt, in den Wolken suchen.&#8221;<\/p>\n<p><strong>Produkt:<\/strong> Hochwertiger Kunstdruck einer exklusiven Zeichnung.<br \/>\n<strong>Gr\u00f6\u00dfe:<\/strong> DinA4, DinA5<br \/>\n<strong>Nachhaltigkeit: <\/strong>Unter Austo\u00df enormer CO-Emissionen hergestellt.<br \/>\n<strong>Papier: <\/strong>300 g\/qm Naturpapier cr\u00e8mefarben<br \/>\n<strong>Qualit\u00e4t: <\/strong>HD-Druck matt<br \/>\n<strong>Lieferung:<\/strong> Wir versenden via DHL. Der Kunstdruck wird ohne Rahmen versendet.<\/p>\n","protected":false},"excerpt":{"rendered":"<p>Arthur Schopenhauer hinterfragte die Existenz des Menschen radikal und wurde dadurch zum Pessimisten. Er entwickelte jedoch auch eine grundlegend andere Auffassung der Welt und des menschlichen Handelns, das nicht durch Schicksal oder g\u00f6ttliche F\u00fcgungen sondern durch den Willen bestimmt sei. Mit der Willensfreiheit selbst hatte Schopenhauer aber so seine Probleme. Man kann zwar &#8220;wollen&#8221; aber [&hellip;]<\/p>\n","protected":false},"featured_media":16344,"template":"","meta":{"_acf_changed":false},"product_brand":[],"product_cat":[117],"product_tag":[],"class_list":{"0":"post-7482","1":"product","2":"type-product","3":"status-publish","4":"has-post-thumbnail","6":"product_cat-kunstdruck","8":"first","9":"instock","10":"taxable","11":"shipping-taxable","12":"purchasable","13":"product-type-variable"},"acf":[],"_links":{"self":[{"href":"https:\/\/kraut-zone.de\/laden\/wp-json\/wp\/v2\/product\/7482","targetHints":{"allow":["GET"]}}],"collection":[{"href":"https:\/\/kraut-zone.de\/laden\/wp-json\/wp\/v2\/product"}],"about":[{"href":"https:\/\/kraut-zone.de\/laden\/wp-json\/wp\/v2\/types\/product"}],"wp:featuredmedia":[{"embeddable":true,"href":"https:\/\/kraut-zone.de\/laden\/wp-json\/wp\/v2\/media\/16344"}],"wp:attachment":[{"href":"https:\/\/kraut-zone.de\/laden\/wp-json\/wp\/v2\/media?parent=7482"}],"wp:term":[{"taxonomy":"product_brand","embeddable":true,"href":"https:\/\/kraut-zone.de\/laden\/wp-json\/wp\/v2\/product_brand?post=7482"},{"taxonomy":"product_cat","embeddable":true,"href":"https:\/\/kraut-zone.de\/laden\/wp-json\/wp\/v2\/product_cat?post=7482"},{"taxonomy":"product_tag","embeddable":true,"href":"https:\/\/kraut-zone.de\/laden\/wp-json\/wp\/v2\/product_tag?post=7482"}],"curies":[{"name":"wp","href":"https:\/\/api.w.org\/{rel}","templated":true}]}}