    {"id":7488,"date":"2023-02-26T19:09:15","date_gmt":"2023-02-26T19:09:15","guid":{"rendered":"https:\/\/kraut-zone.de\/laden\/?post_type=product&#038;p=7488"},"modified":"2025-07-04T21:39:36","modified_gmt":"2025-07-04T21:39:36","slug":"oswald-spengler-kunstdruck","status":"publish","type":"product","link":"https:\/\/kraut-zone.de\/laden\/produkt\/oswald-spengler-kunstdruck\/","title":{"rendered":"Oswald Spengler"},"content":{"rendered":"<p>Oswald Spengler ist insbesondere f\u00fcr sein Hauptwerk &#8220;Der Untergang des Abendlands&#8221; bekannt. Laut Spengler leben Gro\u00dfkulturen in Zyklen, die von Aufstieg, Bl\u00fctezeit und Verfall gepr\u00e4gt sind &#8211;\u00a0 was aber gar nicht tragisch zu sehen ist sondern der nat\u00fcrliche Lauf der Dinge ist. Dass Geschichte gewisserma\u00dfen vorgegeben ist, deutet auch seine Aussage an: &#8220;Einst durfte man nicht wagen, frei zu denken; jetzt darf man es, aber man kann es nicht mehr.&#8221; In den 1920er Jahren war Spengler einer der bekanntesten Philossophen \u00fcberhaupt, heute wird er vom politischen Mainstream abgelehnt und nur in konservativen Kreisen rezipiert. Das ist auch seiner nationalkonservativen politischen Haltung geschuldet, die heute als unbequem gilt. In seinem Sp\u00e4twerk &#8220;Jahre der Entscheidung&#8221; sah er etwa die aktuellen &#8220;antiwei\u00dfen&#8221; politischen Entwicklungen voraus: &#8220;Wie, wenn sich eines Tages Klassenkampf und Rassenkampf zusammenschlie\u00dfen, um mit der wei\u00dfen Welt ein Ende zu machen?\u201c<\/p>\n<p><strong>Produkt:<\/strong> Hochwertiger Kunstdruck einer exklusiven Zeichnung.<br \/>\n<strong>Gr\u00f6\u00dfe:<\/strong> DinA4, DinA5<br \/>\n<strong>Nachhaltigkeit: <\/strong>Unter Austo\u00df enormer CO-Emissionen hergestellt.<br \/>\n<strong>Papier: <\/strong>300 g\/qm Naturpapier cr\u00e8mefarben<br \/>\n<strong>Qualit\u00e4t: <\/strong>HD-Druck matt<br \/>\n<strong>Lieferung:<\/strong> Wir versenden via DHL. Der Kunstdruck wird ohne Rahmen versendet.<\/p>\n","protected":false},"excerpt":{"rendered":"<p>Oswald Spengler ist insbesondere f\u00fcr sein Hauptwerk &#8220;Der Untergang des Abendlands&#8221; bekannt. Laut Spengler leben Gro\u00dfkulturen in Zyklen, die von Aufstieg, Bl\u00fctezeit und Verfall gepr\u00e4gt sind &#8211;\u00a0 was aber gar nicht tragisch zu sehen ist sondern der nat\u00fcrliche Lauf der Dinge ist. Dass Geschichte gewisserma\u00dfen vorgegeben ist, deutet auch seine Aussage an: &#8220;Einst durfte man [&hellip;]<\/p>\n","protected":false},"featured_media":16348,"template":"","meta":{"_acf_changed":false},"product_brand":[],"product_cat":[117],"product_tag":[],"class_list":{"0":"post-7488","1":"product","2":"type-product","3":"status-publish","4":"has-post-thumbnail","6":"product_cat-kunstdruck","8":"first","9":"instock","10":"taxable","11":"shipping-taxable","12":"purchasable","13":"product-type-variable"},"acf":[],"_links":{"self":[{"href":"https:\/\/kraut-zone.de\/laden\/wp-json\/wp\/v2\/product\/7488","targetHints":{"allow":["GET"]}}],"collection":[{"href":"https:\/\/kraut-zone.de\/laden\/wp-json\/wp\/v2\/product"}],"about":[{"href":"https:\/\/kraut-zone.de\/laden\/wp-json\/wp\/v2\/types\/product"}],"wp:featuredmedia":[{"embeddable":true,"href":"https:\/\/kraut-zone.de\/laden\/wp-json\/wp\/v2\/media\/16348"}],"wp:attachment":[{"href":"https:\/\/kraut-zone.de\/laden\/wp-json\/wp\/v2\/media?parent=7488"}],"wp:term":[{"taxonomy":"product_brand","embeddable":true,"href":"https:\/\/kraut-zone.de\/laden\/wp-json\/wp\/v2\/product_brand?post=7488"},{"taxonomy":"product_cat","embeddable":true,"href":"https:\/\/kraut-zone.de\/laden\/wp-json\/wp\/v2\/product_cat?post=7488"},{"taxonomy":"product_tag","embeddable":true,"href":"https:\/\/kraut-zone.de\/laden\/wp-json\/wp\/v2\/product_tag?post=7488"}],"curies":[{"name":"wp","href":"https:\/\/api.w.org\/{rel}","templated":true}]}}