    {"id":7494,"date":"2023-02-26T19:10:37","date_gmt":"2023-02-26T19:10:37","guid":{"rendered":"https:\/\/kraut-zone.de\/laden\/?post_type=product&#038;p=7494"},"modified":"2025-05-16T18:27:32","modified_gmt":"2025-05-16T18:27:32","slug":"ludwig-von-wittgenstein-kunstdruck","status":"publish","type":"product","link":"https:\/\/kraut-zone.de\/laden\/produkt\/ludwig-von-wittgenstein-kunstdruck\/","title":{"rendered":"Ludwig Wittgenstein"},"content":{"rendered":"<p>Ludwig Wittgenstein gilt als Vordenker der Sprachphilosophie. Existenz und Denken wird f\u00fcr ihn allein durch Sprache bestimmt. Damit pr\u00e4gte er auch ma\u00dfgeblich das Denken Martin Heideggers und Ernst J\u00fcngers. Mit seinem Hauptwerk Tractatus logico-philosophicus ver\u00e4nderte er die Sicht auf Welt und Realit\u00e4t nachhaltig. Neben komplexen Gedankeng\u00e4ngen und S\u00e4tzen wie &#8220;Der Satz bestimmt einen Ort im logischen Raum&#8221; ist Wittgenstein auch f\u00fcr seine intelligenten Aphorismen bekannt. &#8220;Revolution\u00e4r wird der sein, der sich selbst revolutionieren kann.&#8221;<\/p>\n<p><strong>Produkt:<\/strong> Hochwertiger Kunstdruck einer exklusiven Zeichnung.<br \/>\n<strong>Gr\u00f6\u00dfe:<\/strong> DinA4, DinA5<br \/>\n<strong>Nachhaltigkeit: <\/strong>Unter Austo\u00df enormer CO-Emissionen hergestellt.<br \/>\n<strong>Papier: <\/strong>300 g\/qm Naturpapier cr\u00e8mefarben<br \/>\n<strong>Qualit\u00e4t: <\/strong>HD-Druck matt<br \/>\n<strong>Lieferung:<\/strong> Wir versenden via DHL. Der Kunstdruck wird ohne Rahmen versendet.<\/p>\n","protected":false},"excerpt":{"rendered":"<p>Ludwig Wittgenstein gilt als Vordenker der Sprachphilosophie. Existenz und Denken wird f\u00fcr ihn allein durch Sprache bestimmt. Damit pr\u00e4gte er auch ma\u00dfgeblich das Denken Martin Heideggers und Ernst J\u00fcngers. Mit seinem Hauptwerk Tractatus logico-philosophicus ver\u00e4nderte er die Sicht auf Welt und Realit\u00e4t nachhaltig. Neben komplexen Gedankeng\u00e4ngen und S\u00e4tzen wie &#8220;Der Satz bestimmt einen Ort im [&hellip;]<\/p>\n","protected":false},"featured_media":16346,"template":"","meta":{"_acf_changed":false},"product_brand":[],"product_cat":[117],"product_tag":[],"class_list":{"0":"post-7494","1":"product","2":"type-product","3":"status-publish","4":"has-post-thumbnail","6":"product_cat-kunstdruck","8":"first","9":"instock","10":"taxable","11":"shipping-taxable","12":"purchasable","13":"product-type-variable"},"acf":[],"_links":{"self":[{"href":"https:\/\/kraut-zone.de\/laden\/wp-json\/wp\/v2\/product\/7494","targetHints":{"allow":["GET"]}}],"collection":[{"href":"https:\/\/kraut-zone.de\/laden\/wp-json\/wp\/v2\/product"}],"about":[{"href":"https:\/\/kraut-zone.de\/laden\/wp-json\/wp\/v2\/types\/product"}],"wp:featuredmedia":[{"embeddable":true,"href":"https:\/\/kraut-zone.de\/laden\/wp-json\/wp\/v2\/media\/16346"}],"wp:attachment":[{"href":"https:\/\/kraut-zone.de\/laden\/wp-json\/wp\/v2\/media?parent=7494"}],"wp:term":[{"taxonomy":"product_brand","embeddable":true,"href":"https:\/\/kraut-zone.de\/laden\/wp-json\/wp\/v2\/product_brand?post=7494"},{"taxonomy":"product_cat","embeddable":true,"href":"https:\/\/kraut-zone.de\/laden\/wp-json\/wp\/v2\/product_cat?post=7494"},{"taxonomy":"product_tag","embeddable":true,"href":"https:\/\/kraut-zone.de\/laden\/wp-json\/wp\/v2\/product_tag?post=7494"}],"curies":[{"name":"wp","href":"https:\/\/api.w.org\/{rel}","templated":true}]}}