    {"id":8217,"date":"2023-06-10T18:42:44","date_gmt":"2023-06-10T18:42:44","guid":{"rendered":"https:\/\/kraut-zone.de\/laden\/?post_type=product&#038;p=8217"},"modified":"2025-07-04T21:45:07","modified_gmt":"2025-07-04T21:45:07","slug":"stolzmonat-deutschlandflagge","status":"publish","type":"product","link":"https:\/\/kraut-zone.de\/laden\/produkt\/stolzmonat-deutschlandflagge\/","title":{"rendered":"Stolzmonat Deutschlandflagge"},"content":{"rendered":"<p><strong>Aufschrift: <\/strong>keine<strong><br \/>\nEinsatzbereich: <\/strong>wasserfest (outdoorgeignet)<br \/>\n<strong>Format: <\/strong>Din A7 (105 x 74 mm)<br \/>\n<strong>Farbigkeit: <\/strong>4\/0-farbig (vollfarbig bedruckt, hochglanz)<br \/>\n<strong>St\u00e4rke:<\/strong> 90g\/qm Haftfolie<\/p>\n","protected":false},"excerpt":{"rendered":"<p>Wetterbest\u00e4ndige Aufkleber f\u00fcr das Versch\u00f6nern von privatem Eigentum &#8211; nichts anderem!<\/p>\n","protected":false},"featured_media":15522,"template":"","meta":{"_acf_changed":false},"product_brand":[],"product_cat":[106],"product_tag":[],"class_list":{"0":"post-8217","1":"product","2":"type-product","3":"status-publish","4":"has-post-thumbnail","6":"product_cat-aufkleber","8":"first","9":"instock","10":"taxable","11":"shipping-taxable","12":"purchasable","13":"product-type-variable","14":"has-default-attributes"},"acf":[],"_links":{"self":[{"href":"https:\/\/kraut-zone.de\/laden\/wp-json\/wp\/v2\/product\/8217","targetHints":{"allow":["GET"]}}],"collection":[{"href":"https:\/\/kraut-zone.de\/laden\/wp-json\/wp\/v2\/product"}],"about":[{"href":"https:\/\/kraut-zone.de\/laden\/wp-json\/wp\/v2\/types\/product"}],"wp:featuredmedia":[{"embeddable":true,"href":"https:\/\/kraut-zone.de\/laden\/wp-json\/wp\/v2\/media\/15522"}],"wp:attachment":[{"href":"https:\/\/kraut-zone.de\/laden\/wp-json\/wp\/v2\/media?parent=8217"}],"wp:term":[{"taxonomy":"product_brand","embeddable":true,"href":"https:\/\/kraut-zone.de\/laden\/wp-json\/wp\/v2\/product_brand?post=8217"},{"taxonomy":"product_cat","embeddable":true,"href":"https:\/\/kraut-zone.de\/laden\/wp-json\/wp\/v2\/product_cat?post=8217"},{"taxonomy":"product_tag","embeddable":true,"href":"https:\/\/kraut-zone.de\/laden\/wp-json\/wp\/v2\/product_tag?post=8217"}],"curies":[{"name":"wp","href":"https:\/\/api.w.org\/{rel}","templated":true}]}}