    {"id":8852,"date":"2023-08-14T11:40:06","date_gmt":"2023-08-14T11:40:06","guid":{"rendered":"https:\/\/kraut-zone.de\/laden\/?post_type=product&#038;p=8852"},"modified":"2025-09-12T18:57:09","modified_gmt":"2025-09-12T18:57:09","slug":"34-wohlstand-fuer-keinen","status":"publish","type":"product","link":"https:\/\/kraut-zone.de\/laden\/produkt\/34-wohlstand-fuer-keinen\/","title":{"rendered":"34. Wohlstand f\u00fcr Keinen"},"content":{"rendered":"<p><strong>Erscheint Mitte August 2023<br \/>\n<\/strong><\/p>\n<ul>\n<li>Pro und kontra Leitartikel &#8220;Wohlstand f\u00fcr Keinen&#8221;<\/li>\n<li>Bunte Zahlen: Glaubensfrage: Z\u00e4hneputzen, Religion, Zitateraten, Gef\u00fchlte Wahrheiten<\/li>\n<li>Sag Nein zum Linkssein<\/li>\n<li>Reden wir \u00fcber Ordoliberalismus<\/li>\n<li>Faktencheck: Wie m\u00e4chtig ist das Weltwirtschaftsforum<\/li>\n<li>Interview mit Rahim Taghizadegan: Armut und Klimaschutz<\/li>\n<li>KRAZ-Graphik: Umverteilung in Deutschland und Europa<\/li>\n<li>Weltweit: Wie viel Umverteilung wollen die Menschen?<\/li>\n<li>Linke Denker: Slavoj Zizek<\/li>\n<li>Verpackungsgesetz: Das neue B\u00fcrokratiemonster<\/li>\n<li>Rhodesien: Rassenunruhe, Sozialismus und Verrat durch Europa<\/li>\n<li>Mythos Marschallplan: Wie die Amerikaner die europ\u00e4ische Wirtschaft l\u00e4hmten<\/li>\n<li>Krautfilme: Der Wal<\/li>\n<li>Teste dich: Religion oder Geld? Oder Beides?<\/li>\n<li>Die Bundeszentrale f\u00fcr politische Bildung: Thomas Kr\u00fcger und &#8220;sein&#8221; Bundesamt<\/li>\n<li>Kirchenglocke: Christentum am Kirchentag<\/li>\n<li>Pauline p\u00f6belt: Einstellung von einem CDU-Typen<\/li>\n<li>Die innere K\u00fcndigung: Eine Generation macht langsam<\/li>\n<\/ul>\n<p><em>(Preisanstieg? Wir werden gezwungen, die Politik dieses Landes mit 7\/19 Prozent Mehrwertsteuer zu unterst\u00fctzen)<\/em><\/p>\n","protected":false},"excerpt":{"rendered":"<p>Erscheint Mitte August 2023 Pro und kontra Leitartikel &#8220;Wohlstand f\u00fcr Keinen&#8221; Bunte Zahlen: Glaubensfrage: Z\u00e4hneputzen, Religion, Zitateraten, Gef\u00fchlte Wahrheiten Sag Nein zum Linkssein Reden wir \u00fcber Ordoliberalismus Faktencheck: Wie m\u00e4chtig ist das Weltwirtschaftsforum Interview mit Rahim Taghizadegan: Armut und Klimaschutz KRAZ-Graphik: Umverteilung in Deutschland und Europa Weltweit: Wie viel Umverteilung wollen die Menschen? Linke Denker: [&hellip;]<\/p>\n","protected":false},"featured_media":19659,"template":"","meta":{"_acf_changed":false},"product_brand":[],"product_cat":[36],"product_tag":[],"class_list":{"0":"post-8852","1":"product","2":"type-product","3":"status-publish","4":"has-post-thumbnail","6":"product_cat-einzelhefte","8":"first","9":"instock","10":"taxable","11":"shipping-taxable","12":"purchasable","13":"product-type-variable","14":"has-default-attributes"},"acf":[],"_links":{"self":[{"href":"https:\/\/kraut-zone.de\/laden\/wp-json\/wp\/v2\/product\/8852","targetHints":{"allow":["GET"]}}],"collection":[{"href":"https:\/\/kraut-zone.de\/laden\/wp-json\/wp\/v2\/product"}],"about":[{"href":"https:\/\/kraut-zone.de\/laden\/wp-json\/wp\/v2\/types\/product"}],"wp:featuredmedia":[{"embeddable":true,"href":"https:\/\/kraut-zone.de\/laden\/wp-json\/wp\/v2\/media\/19659"}],"wp:attachment":[{"href":"https:\/\/kraut-zone.de\/laden\/wp-json\/wp\/v2\/media?parent=8852"}],"wp:term":[{"taxonomy":"product_brand","embeddable":true,"href":"https:\/\/kraut-zone.de\/laden\/wp-json\/wp\/v2\/product_brand?post=8852"},{"taxonomy":"product_cat","embeddable":true,"href":"https:\/\/kraut-zone.de\/laden\/wp-json\/wp\/v2\/product_cat?post=8852"},{"taxonomy":"product_tag","embeddable":true,"href":"https:\/\/kraut-zone.de\/laden\/wp-json\/wp\/v2\/product_tag?post=8852"}],"curies":[{"name":"wp","href":"https:\/\/api.w.org\/{rel}","templated":true}]}}