{"id":953,"date":"2020-11-07T09:55:54","date_gmt":"2020-11-07T09:55:54","guid":{"rendered":"https:\/\/kraut-zone.de\/laden\/?post_type=product&#038;p=953"},"modified":"2025-05-17T02:16:14","modified_gmt":"2025-05-17T02:16:14","slug":"kaiser-chillhelm-aufkleber","status":"publish","type":"product","link":"https:\/\/kraut-zone.de\/laden\/produkt\/kaiser-chillhelm-aufkleber\/","title":{"rendered":"Kaiser Chillhelm (Aufkleber)"},"content":{"rendered":"<p><strong>Aufschrift: <\/strong>Deutschlands kaiserlichstes Meinungsmagazin &#8211; Jetzt abonnieren unter www.kraut-zone.de<br \/>\n<strong>Einsatzbereich: <\/strong>wasserfest (outdoorgeignet)<br \/>\n<strong>Format: <\/strong>Din A7 (105 x 74 mm)<br \/>\n<strong>Farbigkeit: <\/strong>4\/0-farbig (vollfarbig bedruckt, hochglanz)<br \/>\n<strong>St\u00e4rke:<\/strong> 90g\/qm Haftfolie<\/p>\n","protected":false},"excerpt":{"rendered":"<p>Wetterbest\u00e4ndige Aufkleber f\u00fcr das Versch\u00f6nern von privatem Eigentum &#8211; nichts anderem!<\/p>\n","protected":false},"featured_media":15532,"template":"","meta":{"_acf_changed":false},"product_brand":[],"product_cat":[106],"product_tag":[],"class_list":{"0":"post-953","1":"product","2":"type-product","3":"status-publish","4":"has-post-thumbnail","6":"product_cat-aufkleber","8":"first","9":"instock","10":"taxable","11":"shipping-taxable","12":"purchasable","13":"product-type-variable","14":"has-default-attributes"},"acf":[],"_links":{"self":[{"href":"https:\/\/kraut-zone.de\/laden\/wp-json\/wp\/v2\/product\/953","targetHints":{"allow":["GET"]}}],"collection":[{"href":"https:\/\/kraut-zone.de\/laden\/wp-json\/wp\/v2\/product"}],"about":[{"href":"https:\/\/kraut-zone.de\/laden\/wp-json\/wp\/v2\/types\/product"}],"wp:featuredmedia":[{"embeddable":true,"href":"https:\/\/kraut-zone.de\/laden\/wp-json\/wp\/v2\/media\/15532"}],"wp:attachment":[{"href":"https:\/\/kraut-zone.de\/laden\/wp-json\/wp\/v2\/media?parent=953"}],"wp:term":[{"taxonomy":"product_brand","embeddable":true,"href":"https:\/\/kraut-zone.de\/laden\/wp-json\/wp\/v2\/product_brand?post=953"},{"taxonomy":"product_cat","embeddable":true,"href":"https:\/\/kraut-zone.de\/laden\/wp-json\/wp\/v2\/product_cat?post=953"},{"taxonomy":"product_tag","embeddable":true,"href":"https:\/\/kraut-zone.de\/laden\/wp-json\/wp\/v2\/product_tag?post=953"}],"curies":[{"name":"wp","href":"https:\/\/api.w.org\/{rel}","templated":true}]}}